{"id":1587,"date":"2022-10-31T12:18:38","date_gmt":"2022-10-31T11:18:38","guid":{"rendered":"https:\/\/www.hotel-les-charmettes.com\/?page_id=1587"},"modified":"2024-11-28T11:13:11","modified_gmt":"2024-11-28T10:13:11","slug":"activities","status":"publish","type":"page","link":"https:\/\/www.hotel-les-charmettes.com\/en\/aux-alentours-de-l-hotel\/activites\/","title":{"rendered":"Activities"},"content":{"rendered":"<div data-elementor-type=\"wp-page\" data-elementor-id=\"1587\" class=\"elementor elementor-1587\" data-elementor-post-type=\"page\">\n\t\t\t\t<div class=\"elementor-element elementor-element-7d40454 e-con-full e-flex e-con e-parent\" data-id=\"7d40454\" data-element_type=\"container\" data-e-type=\"container\" id=\"hero-section\" data-settings=\"{&quot;background_background&quot;:&quot;classic&quot;}\">\n\t\t\t\t<div class=\"elementor-element elementor-element-28da46e elementor-widget__width-auto elementor-absolute e-transform elementor-view-default elementor-widget elementor-widget-icon\" data-id=\"28da46e\" data-element_type=\"widget\" data-e-type=\"widget\" data-settings=\"{&quot;_position&quot;:&quot;absolute&quot;,&quot;_transform_rotateZ_effect&quot;:{&quot;unit&quot;:&quot;px&quot;,&quot;size&quot;:90,&quot;sizes&quot;:[]},&quot;_transform_rotateZ_effect_tablet&quot;:{&quot;unit&quot;:&quot;deg&quot;,&quot;size&quot;:&quot;&quot;,&quot;sizes&quot;:[]},&quot;_transform_rotateZ_effect_mobile&quot;:{&quot;unit&quot;:&quot;deg&quot;,&quot;size&quot;:&quot;&quot;,&quot;sizes&quot;:[]}}\" data-widget_type=\"icon.default\">\n\t\t\t\t<div class=\"elementor-widget-container\">\n\t\t\t\t\t\t\t<div class=\"elementor-icon-wrapper\">\n\t\t\t<a class=\"elementor-icon\" href=\"#first-content\">\n\t\t\t<i aria-hidden=\"true\" class=\"eliofont eliofont-arrow-right\"><\/i>\t\t\t<\/a>\n\t\t<\/div>\n\t\t\t\t\t\t<\/div>\n\t\t\t\t<\/div>\n\t\t\t\t<\/div>\n\t\t<div class=\"elementor-element elementor-element-18b5a01 e-flex e-con-boxed e-con e-parent\" data-id=\"18b5a01\" data-element_type=\"container\" data-e-type=\"container\" data-settings=\"{&quot;background_background&quot;:&quot;classic&quot;}\">\n\t\t\t\t\t<div class=\"e-con-inner\">\n\t\t\t\t<div class=\"elementor-element elementor-element-fa37bf3 elementor-widget__width-initial elementor-widget elementor-widget-image\" data-id=\"fa37bf3\" data-element_type=\"widget\" data-e-type=\"widget\" data-widget_type=\"image.default\">\n\t\t\t\t<div class=\"elementor-widget-container\">\n\t\t\t\t\t\t\t\t\t\t\t\t\t\t\t<img fetchpriority=\"high\" decoding=\"async\" width=\"300\" height=\"200\" src=\"https:\/\/www.hotel-les-charmettes.com\/wp-content\/uploads\/2022\/10\/transparent.png\" class=\"attachment-full size-full wp-image-338\" alt=\"\" srcset=\"https:\/\/www.hotel-les-charmettes.com\/wp-content\/uploads\/2022\/10\/transparent.png 300w, https:\/\/www.hotel-les-charmettes.com\/wp-content\/uploads\/2022\/10\/transparent-18x12.png 18w\" sizes=\"(max-width: 300px) 100vw, 300px\" title=\"\">\t\t\t\t\t\t\t\t\t\t\t\t\t\t\t<\/div>\n\t\t\t\t<\/div>\n\t\t<div class=\"elementor-element elementor-element-030d71c animated-slow e-con-full e-flex elementor-invisible e-con e-child\" data-id=\"030d71c\" data-element_type=\"container\" data-e-type=\"container\" data-settings=\"{&quot;animation&quot;:&quot;fadeInRight&quot;,&quot;animation_delay&quot;:500}\">\n\t\t\t\t<div class=\"elementor-element elementor-element-806004f elementor-widget elementor-widget-heading\" data-id=\"806004f\" data-element_type=\"widget\" data-e-type=\"widget\" data-widget_type=\"heading.default\">\n\t\t\t\t<div class=\"elementor-widget-container\">\n\t\t\t\t\t<h2 class=\"elementor-heading-title elementor-size-default\">Activities <br \/> maritime<\/h2>\t\t\t\t<\/div>\n\t\t\t\t<\/div>\n\t\t\t\t<div class=\"elementor-element elementor-element-fca4b4f elementor-widget elementor-widget-text-editor\" data-id=\"fca4b4f\" data-element_type=\"widget\" data-e-type=\"widget\" data-widget_type=\"text-editor.default\">\n\t\t\t\t<div class=\"elementor-widget-container\">\n\t\t\t\t\t\t\t\t\t<p>Overlooking the large Sillon beach, Les Charmettes naturally offers a wide range of beach and sea-related activities.<br>The Saint-Malo sailing school awaits you on the beach, with a wide range of activities on offer. This is your chance to try your hand at sand yachting once the sea has receded and given way to wide stretches of sand. Hoist the sail and let the speed exhilarate you!<\/p><p><br><\/p>\n<p>Another activity directly linked to the sea is the thermal baths. The Grand H\u00f4tel des Thermes is within easy reach and only a few minutes' walk from our sumptuous villas. A breath of fresh air and a mineral cure await you with iodine treatments.<\/p>\t\t\t\t\t\t\t\t<\/div>\n\t\t\t\t<\/div>\n\t\t\t\t<\/div>\n\t\t\t\t\t<\/div>\n\t\t\t\t<\/div>\n\t\t<div class=\"elementor-element elementor-element-63397a5 e-flex e-con-boxed e-con e-parent\" data-id=\"63397a5\" data-element_type=\"container\" data-e-type=\"container\" data-settings=\"{&quot;background_background&quot;:&quot;classic&quot;}\">\n\t\t\t\t\t<div class=\"e-con-inner\">\n\t\t<div class=\"elementor-element elementor-element-af04466 animated-slow e-con-full e-flex elementor-invisible e-con e-child\" data-id=\"af04466\" data-element_type=\"container\" data-e-type=\"container\" data-settings=\"{&quot;animation&quot;:&quot;fadeInLeft&quot;,&quot;animation_delay&quot;:500}\">\n\t\t\t\t<div class=\"elementor-element elementor-element-9f2654a elementor-widget elementor-widget-heading\" data-id=\"9f2654a\" data-element_type=\"widget\" data-e-type=\"widget\" data-widget_type=\"heading.default\">\n\t\t\t\t<div class=\"elementor-widget-container\">\n\t\t\t\t\t<h2 class=\"elementor-heading-title elementor-size-default\">Setting sail<\/h2>\t\t\t\t<\/div>\n\t\t\t\t<\/div>\n\t\t\t\t<div class=\"elementor-element elementor-element-0298ca6 elementor-widget elementor-widget-text-editor\" data-id=\"0298ca6\" data-element_type=\"widget\" data-e-type=\"widget\" data-widget_type=\"text-editor.default\">\n\t\t\t\t<div class=\"elementor-widget-container\">\n\t\t\t\t\t\t\t\t\t<p>If you fancy taking to the open seas, the Channel Islands of Jersey and Guernsey are within easy reach of Saint-Malo. Ferries run several times a day, so you can make the round trip in a day. You can combine a pleasant boat trip with the discovery of these undeniably charming English islands.<\/p><p><br \/>The Saint-Malo Aquarium is another recommended activity, especially for families. Take your children to discover the shark ring or descend into the abyssal world of the ocean depths. Young and old alike will be blown away.<\/p>\t\t\t\t\t\t\t\t<\/div>\n\t\t\t\t<\/div>\n\t\t\t\t<\/div>\n\t\t<div class=\"elementor-element elementor-element-bcc2404 e-con-full e-flex e-con e-child\" data-id=\"bcc2404\" data-element_type=\"container\" data-e-type=\"container\" data-settings=\"{&quot;background_background&quot;:&quot;classic&quot;}\">\n\t\t\t\t<div class=\"elementor-element elementor-element-f2b5c49 elementor-widget__width-initial elementor-widget elementor-widget-image\" data-id=\"f2b5c49\" data-element_type=\"widget\" data-e-type=\"widget\" data-widget_type=\"image.default\">\n\t\t\t\t<div class=\"elementor-widget-container\">\n\t\t\t\t\t\t\t\t\t\t\t\t\t\t\t<img decoding=\"async\" width=\"835\" height=\"1257\" src=\"https:\/\/www.hotel-les-charmettes.com\/wp-content\/uploads\/2023\/10\/iStock-171151404.jpg\" class=\"attachment-full size-full wp-image-3740\" alt=\"\" srcset=\"https:\/\/www.hotel-les-charmettes.com\/wp-content\/uploads\/2023\/10\/iStock-171151404.jpg 835w, https:\/\/www.hotel-les-charmettes.com\/wp-content\/uploads\/2023\/10\/iStock-171151404-199x300.jpg 199w, https:\/\/www.hotel-les-charmettes.com\/wp-content\/uploads\/2023\/10\/iStock-171151404-680x1024.jpg 680w, https:\/\/www.hotel-les-charmettes.com\/wp-content\/uploads\/2023\/10\/iStock-171151404-768x1156.jpg 768w, https:\/\/www.hotel-les-charmettes.com\/wp-content\/uploads\/2023\/10\/iStock-171151404-8x12.jpg 8w\" sizes=\"(max-width: 835px) 100vw, 835px\" title=\"\">\t\t\t\t\t\t\t\t\t\t\t\t\t\t\t<\/div>\n\t\t\t\t<\/div>\n\t\t<div class=\"elementor-element elementor-element-938a2db elementor-hidden-mobile e-con-full e-flex e-con e-child\" data-id=\"938a2db\" data-element_type=\"container\" data-e-type=\"container\">\n\t\t\t\t<div class=\"elementor-element elementor-element-beaee5b elementor-widget elementor-widget-image\" data-id=\"beaee5b\" data-element_type=\"widget\" data-e-type=\"widget\" data-widget_type=\"image.default\">\n\t\t\t\t<div class=\"elementor-widget-container\">\n\t\t\t\t\t\t\t\t\t\t\t\t\t\t\t<img decoding=\"async\" width=\"1255\" height=\"835\" src=\"https:\/\/www.hotel-les-charmettes.com\/wp-content\/uploads\/2023\/10\/iStock-621590224.jpg\" class=\"attachment-full size-full wp-image-3738\" alt=\"nautical activities on the channel near our hotel saint malo bord de mer\" srcset=\"https:\/\/www.hotel-les-charmettes.com\/wp-content\/uploads\/2023\/10\/iStock-621590224.jpg 1255w, https:\/\/www.hotel-les-charmettes.com\/wp-content\/uploads\/2023\/10\/iStock-621590224-300x200.jpg 300w, https:\/\/www.hotel-les-charmettes.com\/wp-content\/uploads\/2023\/10\/iStock-621590224-1024x681.jpg 1024w, https:\/\/www.hotel-les-charmettes.com\/wp-content\/uploads\/2023\/10\/iStock-621590224-768x511.jpg 768w, https:\/\/www.hotel-les-charmettes.com\/wp-content\/uploads\/2023\/10\/iStock-621590224-18x12.jpg 18w\" sizes=\"(max-width: 1255px) 100vw, 1255px\" title=\"\">\t\t\t\t\t\t\t\t\t\t\t\t\t\t\t<\/div>\n\t\t\t\t<\/div>\n\t\t\t\t<div class=\"elementor-element elementor-element-293cde0 elementor-widget elementor-widget-image\" data-id=\"293cde0\" data-element_type=\"widget\" data-e-type=\"widget\" data-widget_type=\"image.default\">\n\t\t\t\t<div class=\"elementor-widget-container\">\n\t\t\t\t\t\t\t\t\t\t\t\t\t\t\t<img loading=\"lazy\" decoding=\"async\" width=\"1254\" height=\"836\" src=\"https:\/\/www.hotel-les-charmettes.com\/wp-content\/uploads\/2023\/10\/iStock-936324644.jpg\" class=\"attachment-full size-full wp-image-3739\" alt=\"\" srcset=\"https:\/\/www.hotel-les-charmettes.com\/wp-content\/uploads\/2023\/10\/iStock-936324644.jpg 1254w, https:\/\/www.hotel-les-charmettes.com\/wp-content\/uploads\/2023\/10\/iStock-936324644-300x200.jpg 300w, https:\/\/www.hotel-les-charmettes.com\/wp-content\/uploads\/2023\/10\/iStock-936324644-1024x683.jpg 1024w, https:\/\/www.hotel-les-charmettes.com\/wp-content\/uploads\/2023\/10\/iStock-936324644-768x512.jpg 768w, https:\/\/www.hotel-les-charmettes.com\/wp-content\/uploads\/2023\/10\/iStock-936324644-18x12.jpg 18w\" sizes=\"(max-width: 1254px) 100vw, 1254px\" title=\"\">\t\t\t\t\t\t\t\t\t\t\t\t\t\t\t<\/div>\n\t\t\t\t<\/div>\n\t\t\t\t<\/div>\n\t\t\t\t<\/div>\n\t\t\t\t\t<\/div>\n\t\t\t\t<\/div>\n\t\t<div class=\"elementor-element elementor-element-38d7d5e e-flex e-con-boxed e-con e-parent\" data-id=\"38d7d5e\" data-element_type=\"container\" data-e-type=\"container\" data-settings=\"{&quot;background_background&quot;:&quot;classic&quot;}\">\n\t\t\t\t\t<div class=\"e-con-inner\">\n\t\t\t\t<div class=\"elementor-element elementor-element-0733a85 elementor-widget__width-initial elementor-widget elementor-widget-image\" data-id=\"0733a85\" data-element_type=\"widget\" data-e-type=\"widget\" data-widget_type=\"image.default\">\n\t\t\t\t<div class=\"elementor-widget-container\">\n\t\t\t\t\t\t\t\t\t\t\t\t\t\t\t<img fetchpriority=\"high\" decoding=\"async\" width=\"300\" height=\"200\" src=\"https:\/\/www.hotel-les-charmettes.com\/wp-content\/uploads\/2022\/10\/transparent.png\" class=\"attachment-full size-full wp-image-338\" alt=\"\" srcset=\"https:\/\/www.hotel-les-charmettes.com\/wp-content\/uploads\/2022\/10\/transparent.png 300w, https:\/\/www.hotel-les-charmettes.com\/wp-content\/uploads\/2022\/10\/transparent-18x12.png 18w\" sizes=\"(max-width: 300px) 100vw, 300px\" title=\"\">\t\t\t\t\t\t\t\t\t\t\t\t\t\t\t<\/div>\n\t\t\t\t<\/div>\n\t\t<div class=\"elementor-element elementor-element-2228763 animated-slow e-con-full e-flex elementor-invisible e-con e-child\" data-id=\"2228763\" data-element_type=\"container\" data-e-type=\"container\" data-settings=\"{&quot;animation&quot;:&quot;fadeInRight&quot;,&quot;animation_delay&quot;:500}\">\n\t\t\t\t<div class=\"elementor-element elementor-element-6fcf40c elementor-widget elementor-widget-heading\" data-id=\"6fcf40c\" data-element_type=\"widget\" data-e-type=\"widget\" data-widget_type=\"heading.default\">\n\t\t\t\t<div class=\"elementor-widget-container\">\n\t\t\t\t\t<h2 class=\"elementor-heading-title elementor-size-default\">The home of <br \/>privateer<\/h2>\t\t\t\t<\/div>\n\t\t\t\t<\/div>\n\t\t\t\t<div class=\"elementor-element elementor-element-b8a8d1f elementor-widget elementor-widget-text-editor\" data-id=\"b8a8d1f\" data-element_type=\"widget\" data-e-type=\"widget\" data-widget_type=\"text-editor.default\">\n\t\t\t\t<div class=\"elementor-widget-container\">\n\t\t\t\t\t\t\t\t\t<p>A private mansion built in 1725 for a privateer under Louis XV, the Demeure de Corsaire is now open to visitors. You can discover its history, take part in educational workshops and visit the premises, which include cellars below sea level. Part of the house can also be made private for your corporate events.<\/p>\t\t\t\t\t\t\t\t<\/div>\n\t\t\t\t<\/div>\n\t\t\t\t<\/div>\n\t\t\t\t\t<\/div>\n\t\t\t\t<\/div>\n\t\t<div class=\"elementor-element elementor-element-250451b e-flex e-con-boxed e-con e-parent\" data-id=\"250451b\" data-element_type=\"container\" data-e-type=\"container\" data-settings=\"{&quot;background_background&quot;:&quot;classic&quot;}\">\n\t\t\t\t\t<div class=\"e-con-inner\">\n\t\t<div class=\"elementor-element elementor-element-2dd1d65 animated-slow e-con-full e-flex elementor-invisible e-con e-child\" data-id=\"2dd1d65\" data-element_type=\"container\" data-e-type=\"container\" data-settings=\"{&quot;animation&quot;:&quot;fadeInLeft&quot;,&quot;animation_delay&quot;:500}\">\n\t\t\t\t<div class=\"elementor-element elementor-element-8b70135 elementor-widget elementor-widget-heading\" data-id=\"8b70135\" data-element_type=\"widget\" data-e-type=\"widget\" data-widget_type=\"heading.default\">\n\t\t\t\t<div class=\"elementor-widget-container\">\n\t\t\t\t\t<h2 class=\"elementor-heading-title elementor-size-default\">The culture of the sea<\/h2>\t\t\t\t<\/div>\n\t\t\t\t<\/div>\n\t\t\t\t<div class=\"elementor-element elementor-element-b968022 elementor-widget elementor-widget-text-editor\" data-id=\"b968022\" data-element_type=\"widget\" data-e-type=\"widget\" data-widget_type=\"text-editor.default\">\n\t\t\t\t<div class=\"elementor-widget-container\">\n\t\t\t\t\t\t\t\t\t<p>Discover how life in the bay revolves around the English Channel, fishing and oyster farming. The marine train, which is nothing more than a covered tractor, takes you to the traditional fisheries of the Bay of Mont-Saint-Michel in Cherrueix. This \"little train\" gives you the chance to find out more about the fishing industry, and in particular the job of mussel farmer.<\/p><p><br><\/p>\n<p>In the same spirit, the Ferme Marine in Cancale lets you discover the life of local oyster farmers. It's a real showcase for the Cancale oyster industry. The oysters of Cancale have been listed as part of France's intangible cultural heritage by UNESCO in 2019.<\/p>\t\t\t\t\t\t\t\t<\/div>\n\t\t\t\t<\/div>\n\t\t\t\t<\/div>\n\t\t<div class=\"elementor-element elementor-element-d73fec0 e-con-full e-flex e-con e-child\" data-id=\"d73fec0\" data-element_type=\"container\" data-e-type=\"container\" data-settings=\"{&quot;background_background&quot;:&quot;classic&quot;}\">\n\t\t\t\t<div class=\"elementor-element elementor-element-b217c5b elementor-widget__width-initial elementor-widget elementor-widget-image\" data-id=\"b217c5b\" data-element_type=\"widget\" data-e-type=\"widget\" data-widget_type=\"image.default\">\n\t\t\t\t<div class=\"elementor-widget-container\">\n\t\t\t\t\t\t\t\t\t\t\t\t\t\t\t<img loading=\"lazy\" decoding=\"async\" width=\"1074\" height=\"976\" src=\"https:\/\/www.hotel-les-charmettes.com\/wp-content\/uploads\/2023\/10\/iStock-1427309803.jpg\" class=\"attachment-full size-full wp-image-3756\" alt=\"\" srcset=\"https:\/\/www.hotel-les-charmettes.com\/wp-content\/uploads\/2023\/10\/iStock-1427309803.jpg 1074w, https:\/\/www.hotel-les-charmettes.com\/wp-content\/uploads\/2023\/10\/iStock-1427309803-300x273.jpg 300w, https:\/\/www.hotel-les-charmettes.com\/wp-content\/uploads\/2023\/10\/iStock-1427309803-1024x931.jpg 1024w, https:\/\/www.hotel-les-charmettes.com\/wp-content\/uploads\/2023\/10\/iStock-1427309803-768x698.jpg 768w, https:\/\/www.hotel-les-charmettes.com\/wp-content\/uploads\/2023\/10\/iStock-1427309803-13x12.jpg 13w\" sizes=\"(max-width: 1074px) 100vw, 1074px\" title=\"\">\t\t\t\t\t\t\t\t\t\t\t\t\t\t\t<\/div>\n\t\t\t\t<\/div>\n\t\t<div class=\"elementor-element elementor-element-53687a6 elementor-hidden-mobile e-con-full e-flex e-con e-child\" data-id=\"53687a6\" data-element_type=\"container\" data-e-type=\"container\">\n\t\t\t\t<div class=\"elementor-element elementor-element-01e171c elementor-widget elementor-widget-image\" data-id=\"01e171c\" data-element_type=\"widget\" data-e-type=\"widget\" data-widget_type=\"image.default\">\n\t\t\t\t<div class=\"elementor-widget-container\">\n\t\t\t\t\t\t\t\t\t\t\t\t\t\t\t<img loading=\"lazy\" decoding=\"async\" width=\"1254\" height=\"836\" src=\"https:\/\/www.hotel-les-charmettes.com\/wp-content\/uploads\/2023\/10\/iStock-1222993484.jpg\" class=\"attachment-full size-full wp-image-3751\" alt=\"\" srcset=\"https:\/\/www.hotel-les-charmettes.com\/wp-content\/uploads\/2023\/10\/iStock-1222993484.jpg 1254w, https:\/\/www.hotel-les-charmettes.com\/wp-content\/uploads\/2023\/10\/iStock-1222993484-300x200.jpg 300w, https:\/\/www.hotel-les-charmettes.com\/wp-content\/uploads\/2023\/10\/iStock-1222993484-1024x683.jpg 1024w, https:\/\/www.hotel-les-charmettes.com\/wp-content\/uploads\/2023\/10\/iStock-1222993484-768x512.jpg 768w, https:\/\/www.hotel-les-charmettes.com\/wp-content\/uploads\/2023\/10\/iStock-1222993484-18x12.jpg 18w\" sizes=\"(max-width: 1254px) 100vw, 1254px\" title=\"\">\t\t\t\t\t\t\t\t\t\t\t\t\t\t\t<\/div>\n\t\t\t\t<\/div>\n\t\t\t\t<div class=\"elementor-element elementor-element-f9be295 elementor-widget elementor-widget-image\" data-id=\"f9be295\" data-element_type=\"widget\" data-e-type=\"widget\" data-widget_type=\"image.default\">\n\t\t\t\t<div class=\"elementor-widget-container\">\n\t\t\t\t\t\t\t\t\t\t\t\t\t\t\t<img loading=\"lazy\" decoding=\"async\" width=\"1365\" height=\"768\" src=\"https:\/\/www.hotel-les-charmettes.com\/wp-content\/uploads\/2023\/10\/iStock-1296770586.jpg\" class=\"attachment-full size-full wp-image-3755\" alt=\"\" srcset=\"https:\/\/www.hotel-les-charmettes.com\/wp-content\/uploads\/2023\/10\/iStock-1296770586.jpg 1365w, https:\/\/www.hotel-les-charmettes.com\/wp-content\/uploads\/2023\/10\/iStock-1296770586-300x169.jpg 300w, https:\/\/www.hotel-les-charmettes.com\/wp-content\/uploads\/2023\/10\/iStock-1296770586-1024x576.jpg 1024w, https:\/\/www.hotel-les-charmettes.com\/wp-content\/uploads\/2023\/10\/iStock-1296770586-768x432.jpg 768w, https:\/\/www.hotel-les-charmettes.com\/wp-content\/uploads\/2023\/10\/iStock-1296770586-18x10.jpg 18w\" sizes=\"(max-width: 1365px) 100vw, 1365px\" title=\"\">\t\t\t\t\t\t\t\t\t\t\t\t\t\t\t<\/div>\n\t\t\t\t<\/div>\n\t\t\t\t<\/div>\n\t\t\t\t<\/div>\n\t\t\t\t\t<\/div>\n\t\t\t\t<\/div>\n\t\t<div class=\"elementor-element elementor-element-f2f51e9 e-flex e-con-boxed e-con e-parent\" data-id=\"f2f51e9\" data-element_type=\"container\" data-e-type=\"container\">\n\t\t\t\t\t<div class=\"e-con-inner\">\n\t\t\t\t<div class=\"elementor-element elementor-element-7f80abd elementor-widget__width-auto elementor-widget elementor-widget-button\" data-id=\"7f80abd\" data-element_type=\"widget\" data-e-type=\"widget\" data-widget_type=\"button.default\">\n\t\t\t\t<div class=\"elementor-widget-container\">\n\t\t\t\t\t\t\t\t\t<div class=\"elementor-button-wrapper\">\n\t\t\t\t\t<a class=\"elementor-button elementor-button-link elementor-size-xs\" href=\"https:\/\/www.hotel-les-charmettes.com\/en\/aux-alentours-de-l-hotel\/\">\n\t\t\t\t\t\t<span class=\"elementor-button-content-wrapper\">\n\t\t\t\t\t\t<span class=\"elementor-button-icon\">\n\t\t\t\t<i aria-hidden=\"true\" class=\"eliofont eliofont-arrow-left\"><\/i>\t\t\t<\/span>\n\t\t\t\t\t\t\t\t\t<span class=\"elementor-button-text\">In the vicinity of the hotel<\/span>\n\t\t\t\t\t<\/span>\n\t\t\t\t\t<\/a>\n\t\t\t\t<\/div>\n\t\t\t\t\t\t\t\t<\/div>\n\t\t\t\t<\/div>\n\t\t\t\t<div class=\"elementor-element elementor-element-95d2f56 elementor-widget__width-auto elementor-widget elementor-widget-button\" data-id=\"95d2f56\" data-element_type=\"widget\" data-e-type=\"widget\" data-widget_type=\"button.default\">\n\t\t\t\t<div class=\"elementor-widget-container\">\n\t\t\t\t\t\t\t\t\t<div class=\"elementor-button-wrapper\">\n\t\t\t\t\t<a class=\"elementor-button elementor-button-link elementor-size-xs\" href=\"https:\/\/www.hotel-les-charmettes.com\/en\/aux-alentours-de-l-hotel\/saint-malo-et-ses-alentours\/\">\n\t\t\t\t\t\t<span class=\"elementor-button-content-wrapper\">\n\t\t\t\t\t\t<span class=\"elementor-button-icon\">\n\t\t\t\t<i aria-hidden=\"true\" class=\"eliofont eliofont-arrow-right\"><\/i>\t\t\t<\/span>\n\t\t\t\t\t\t\t\t\t<span class=\"elementor-button-text\">Saint-Malo<\/span>\n\t\t\t\t\t<\/span>\n\t\t\t\t\t<\/a>\n\t\t\t\t<\/div>\n\t\t\t\t\t\t\t\t<\/div>\n\t\t\t\t<\/div>\n\t\t\t\t\t<\/div>\n\t\t\t\t<\/div>\n\t\t\t\t<\/div>","protected":false},"excerpt":{"rendered":"<p>Activit\u00e9s maritimes Situ\u00e9 en surplomb de la grande plage du Sillon, Les Charmettes offre tout naturellement de nombreuses activit\u00e9s en rapport avec la mer et la plage.L\u2019\u00e9cole de voile de Saint-Malo vous attend sur la plage avec de nombreuses activit\u00e9s propos\u00e9es. L\u2019occasion de s\u2019initier au char \u00e0 voile une fois que la mer s\u2019est retir\u00e9 [&hellip;]<\/p>\n","protected":false},"author":11,"featured_media":0,"parent":203,"menu_order":0,"comment_status":"closed","ping_status":"closed","template":"","meta":{"inline_featured_image":false,"footnotes":""},"class_list":["post-1587","page","type-page","status-publish","hentry"],"_links":{"self":[{"href":"https:\/\/www.hotel-les-charmettes.com\/en\/wp-json\/wp\/v2\/pages\/1587","targetHints":{"allow":["GET"]}}],"collection":[{"href":"https:\/\/www.hotel-les-charmettes.com\/en\/wp-json\/wp\/v2\/pages"}],"about":[{"href":"https:\/\/www.hotel-les-charmettes.com\/en\/wp-json\/wp\/v2\/types\/page"}],"author":[{"embeddable":true,"href":"https:\/\/www.hotel-les-charmettes.com\/en\/wp-json\/wp\/v2\/users\/11"}],"replies":[{"embeddable":true,"href":"https:\/\/www.hotel-les-charmettes.com\/en\/wp-json\/wp\/v2\/comments?post=1587"}],"version-history":[{"count":98,"href":"https:\/\/www.hotel-les-charmettes.com\/en\/wp-json\/wp\/v2\/pages\/1587\/revisions"}],"predecessor-version":[{"id":5569,"href":"https:\/\/www.hotel-les-charmettes.com\/en\/wp-json\/wp\/v2\/pages\/1587\/revisions\/5569"}],"up":[{"embeddable":true,"href":"https:\/\/www.hotel-les-charmettes.com\/en\/wp-json\/wp\/v2\/pages\/203"}],"wp:attachment":[{"href":"https:\/\/www.hotel-les-charmettes.com\/en\/wp-json\/wp\/v2\/media?parent=1587"}],"curies":[{"name":"wp","href":"https:\/\/api.w.org\/{rel}","templated":true}]}}