{"id":203,"date":"2022-10-26T08:57:29","date_gmt":"2022-10-26T06:57:29","guid":{"rendered":"https:\/\/www.hotel-les-charmettes.com\/?page_id=203"},"modified":"2024-01-16T10:10:54","modified_gmt":"2024-01-16T09:10:54","slug":"in-the-vicinity-of-the-hotel","status":"publish","type":"page","link":"https:\/\/www.hotel-les-charmettes.com\/en\/aux-alentours-de-l-hotel\/","title":{"rendered":"In the vicinity of the hotel"},"content":{"rendered":"<div data-elementor-type=\"wp-page\" data-elementor-id=\"203\" class=\"elementor elementor-203\" data-elementor-post-type=\"page\">\n\t\t\t\t<div class=\"elementor-element elementor-element-29fd7c3 e-con-full e-flex e-con e-parent\" data-id=\"29fd7c3\" data-element_type=\"container\" data-e-type=\"container\" id=\"hero-section\" data-settings=\"{&quot;background_background&quot;:&quot;classic&quot;}\">\n\t\t\t\t<div class=\"elementor-element elementor-element-4fa3bd8 elementor-widget__width-auto elementor-absolute e-transform elementor-view-default elementor-widget elementor-widget-icon\" data-id=\"4fa3bd8\" data-element_type=\"widget\" data-e-type=\"widget\" data-settings=\"{&quot;_position&quot;:&quot;absolute&quot;,&quot;_transform_rotateZ_effect&quot;:{&quot;unit&quot;:&quot;px&quot;,&quot;size&quot;:90,&quot;sizes&quot;:[]},&quot;_transform_rotateZ_effect_tablet&quot;:{&quot;unit&quot;:&quot;deg&quot;,&quot;size&quot;:&quot;&quot;,&quot;sizes&quot;:[]},&quot;_transform_rotateZ_effect_mobile&quot;:{&quot;unit&quot;:&quot;deg&quot;,&quot;size&quot;:&quot;&quot;,&quot;sizes&quot;:[]}}\" data-widget_type=\"icon.default\">\n\t\t\t\t<div class=\"elementor-widget-container\">\n\t\t\t\t\t\t\t<div class=\"elementor-icon-wrapper\">\n\t\t\t<a class=\"elementor-icon\" href=\"#first-content\">\n\t\t\t<i aria-hidden=\"true\" class=\"eliofont eliofont-arrow-right\"><\/i>\t\t\t<\/a>\n\t\t<\/div>\n\t\t\t\t\t\t<\/div>\n\t\t\t\t<\/div>\n\t\t\t\t<div class=\"elementor-element elementor-element-877befb elementor-widget elementor-widget-heading\" data-id=\"877befb\" data-element_type=\"widget\" data-e-type=\"widget\" data-widget_type=\"heading.default\">\n\t\t\t\t<div class=\"elementor-widget-container\">\n\t\t\t\t\t<h1 class=\"elementor-heading-title elementor-size-default\">Hotel in Saint Malo by the sea<\/h1>\t\t\t\t<\/div>\n\t\t\t\t<\/div>\n\t\t\t\t<\/div>\n\t\t<div class=\"elementor-element elementor-element-0289a0c e-flex e-con-boxed e-con e-parent\" data-id=\"0289a0c\" data-element_type=\"container\" data-e-type=\"container\" id=\"first-content\" data-settings=\"{&quot;background_background&quot;:&quot;classic&quot;}\">\n\t\t\t\t\t<div class=\"e-con-inner\">\n\t\t\t\t<div class=\"elementor-element elementor-element-6cc0ff7 elementor-widget-tablet__width-auto elementor-widget__width-initial elementor-widget elementor-widget-heading\" data-id=\"6cc0ff7\" data-element_type=\"widget\" data-e-type=\"widget\" data-widget_type=\"heading.default\">\n\t\t\t\t<div class=\"elementor-widget-container\">\n\t\t\t\t\t<h2 class=\"elementor-heading-title elementor-size-default\">Saint-Malo<\/h2>\t\t\t\t<\/div>\n\t\t\t\t<\/div>\n\t\t<div class=\"elementor-element elementor-element-1a4aaff e-con-full e-flex e-con e-child\" data-id=\"1a4aaff\" data-element_type=\"container\" data-e-type=\"container\">\n\t\t\t\t<div class=\"elementor-element elementor-element-397c1c2 elementor-widget__width-initial elementor-widget elementor-widget-text-editor\" data-id=\"397c1c2\" data-element_type=\"widget\" data-e-type=\"widget\" data-widget_type=\"text-editor.default\">\n\t\t\t\t<div class=\"elementor-widget-container\">\n\t\t\t\t\t\t\t\t\t<p>Saint-Malo is a fortified city of character, built on a peninsula and proudly facing the English Channel. In fact, Saint-Malo is home to the highest tides in Europe, a real sight for sore eyes. Once you've passed through the gates of the old town, you'll be amazed by the narrow streets and monuments. Every corner of the town bears witness to its corsair past. From the castle to the cathedral of Saint-Vincent, you'll find a wealth of architectural treasures.<\/p><p>Full of charm and history, this town in northern Brittany is also particularly lively.<\/p>\t\t\t\t\t\t\t\t<\/div>\n\t\t\t\t<\/div>\n\t\t\t\t<div class=\"elementor-element elementor-element-f0d05b7 elementor-widget__width-initial elementor-widget elementor-widget-text-editor\" data-id=\"f0d05b7\" data-element_type=\"widget\" data-e-type=\"widget\" data-widget_type=\"text-editor.default\">\n\t\t\t\t<div class=\"elementor-widget-container\">\n\t\t\t\t\t\t\t\t\t<p>Saint-Malo is home to the Route du Rhum, where every 4 years, many curious onlookers and sailing fans gather to admire the fastest boats preparing to cross the Atlantic to Guadeloupe. But it's also home to the Route du Rock, as well as a host of festivals, including the Quai des Bulles comic strip festival and the \u00c9tonnants Voyageurs festival, which showcases books and films from around the world.<\/p>\t\t\t\t\t\t\t\t<\/div>\n\t\t\t\t<\/div>\n\t\t\t\t<\/div>\n\t\t\t\t\t<\/div>\n\t\t\t\t<\/div>\n\t\t<div class=\"elementor-element elementor-element-968c4e5 e-flex e-con-boxed e-con e-parent\" data-id=\"968c4e5\" data-element_type=\"container\" data-e-type=\"container\">\n\t\t\t\t\t<div class=\"e-con-inner\">\n\t\t\t\t<div class=\"elementor-element elementor-element-ed86c70 elementor-widget elementor-widget-heading\" data-id=\"ed86c70\" data-element_type=\"widget\" data-e-type=\"widget\" data-widget_type=\"heading.default\">\n\t\t\t\t<div class=\"elementor-widget-container\">\n\t\t\t\t\t<h2 class=\"elementor-heading-title elementor-size-default\">More activities<\/h2>\t\t\t\t<\/div>\n\t\t\t\t<\/div>\n\t\t<div class=\"elementor-element elementor-element-ff5a2fd e-con-full e-flex e-con e-child\" data-id=\"ff5a2fd\" data-element_type=\"container\" data-e-type=\"container\">\n\t\t<div class=\"elementor-element elementor-element-72c3df2 e-con-full e-flex e-con e-child\" data-id=\"72c3df2\" data-element_type=\"container\" data-e-type=\"container\">\n\t\t\t\t<div class=\"elementor-element elementor-element-084a5ab elementor-cta--skin-cover elementor-cta--valign-middle elementor-widget__width-inherit elementor-widget elementor-widget-call-to-action\" data-id=\"084a5ab\" data-element_type=\"widget\" data-e-type=\"widget\" data-widget_type=\"call-to-action.default\">\n\t\t\t\t<div class=\"elementor-widget-container\">\n\t\t\t\t\t\t\t<div class=\"elementor-cta\">\n\t\t\t\t\t<div class=\"elementor-cta__bg-wrapper\">\n\t\t\t\t<div class=\"elementor-cta__bg elementor-bg\" style=\"background-image: url(https:\/\/www.hotel-les-charmettes.com\/wp-content\/uploads\/2023\/10\/iStock-1202472125.jpg);\" role=\"img\" aria-label=\"aerial view of mont michel to visit near our hotel saint malo bord de mer\"><\/div>\n\t\t\t\t<div class=\"elementor-cta__bg-overlay\"><\/div>\n\t\t\t<\/div>\n\t\t\t\t\t\t\t<div class=\"elementor-cta__content\">\n\t\t\t\t\n\t\t\t\t\n\t\t\t\t\n\t\t\t\t\t\t\t\t\t<div class=\"elementor-cta__button-wrapper elementor-cta__content-item elementor-content-item\">\n\t\t\t\t\t<a class=\"elementor-cta__button elementor-button elementor-size-md\" href=\"https:\/\/www.hotel-les-charmettes.com\/en\/aux-alentours-de-l-hotel\/saint-malo-et-ses-alentours\/\">\n\t\t\t\t\t\tDiscover\t\t\t\t\t<\/a>\n\t\t\t\t\t<\/div>\n\t\t\t\t\t\t\t<\/div>\n\t\t\t\t\t\t<\/div>\n\t\t\t\t\t\t<\/div>\n\t\t\t\t<\/div>\n\t\t\t\t<div class=\"elementor-element elementor-element-edcf0ff elementor-widget__width-initial elementor-widget elementor-widget-heading\" data-id=\"edcf0ff\" data-element_type=\"widget\" data-e-type=\"widget\" data-widget_type=\"heading.default\">\n\t\t\t\t<div class=\"elementor-widget-container\">\n\t\t\t\t\t<h3 class=\"elementor-heading-title elementor-size-default\">Saint-Malo and the surrounding area<\/h3>\t\t\t\t<\/div>\n\t\t\t\t<\/div>\n\t\t\t\t<div class=\"elementor-element elementor-element-78c7ab1 elementor-widget__width-initial elementor-widget elementor-widget-text-editor\" data-id=\"78c7ab1\" data-element_type=\"widget\" data-e-type=\"widget\" data-widget_type=\"text-editor.default\">\n\t\t\t\t<div class=\"elementor-widget-container\">\n\t\t\t\t\t\t\t\t\t<p>From Dinard to Dinan, there are many magnificent sites to visit, not forgetting the mythical Mont Saint-Michel.<\/p>\t\t\t\t\t\t\t\t<\/div>\n\t\t\t\t<\/div>\n\t\t\t\t<\/div>\n\t\t<div class=\"elementor-element elementor-element-4b680d5 e-con-full e-flex e-con e-child\" data-id=\"4b680d5\" data-element_type=\"container\" data-e-type=\"container\">\n\t\t\t\t<div class=\"elementor-element elementor-element-b504306 elementor-cta--skin-cover elementor-cta--valign-middle elementor-widget__width-inherit elementor-widget elementor-widget-call-to-action\" data-id=\"b504306\" data-element_type=\"widget\" data-e-type=\"widget\" data-widget_type=\"call-to-action.default\">\n\t\t\t\t<div class=\"elementor-widget-container\">\n\t\t\t\t\t\t\t<div class=\"elementor-cta\">\n\t\t\t\t\t<div class=\"elementor-cta__bg-wrapper\">\n\t\t\t\t<div class=\"elementor-cta__bg elementor-bg\" style=\"background-image: url(https:\/\/www.hotel-les-charmettes.com\/wp-content\/uploads\/2023\/10\/iStock-621590224.jpg);\" role=\"img\" aria-label=\"nautical activities on the channel near our hotel saint malo bord de mer\"><\/div>\n\t\t\t\t<div class=\"elementor-cta__bg-overlay\"><\/div>\n\t\t\t<\/div>\n\t\t\t\t\t\t\t<div class=\"elementor-cta__content\">\n\t\t\t\t\n\t\t\t\t\n\t\t\t\t\n\t\t\t\t\t\t\t\t\t<div class=\"elementor-cta__button-wrapper elementor-cta__content-item elementor-content-item\">\n\t\t\t\t\t<a class=\"elementor-cta__button elementor-button elementor-size-md\" href=\"https:\/\/www.hotel-les-charmettes.com\/en\/aux-alentours-de-l-hotel\/activites\/\">\n\t\t\t\t\t\tDiscover\t\t\t\t\t<\/a>\n\t\t\t\t\t<\/div>\n\t\t\t\t\t\t\t<\/div>\n\t\t\t\t\t\t<\/div>\n\t\t\t\t\t\t<\/div>\n\t\t\t\t<\/div>\n\t\t\t\t<div class=\"elementor-element elementor-element-04b43ff elementor-widget__width-initial elementor-widget elementor-widget-heading\" data-id=\"04b43ff\" data-element_type=\"widget\" data-e-type=\"widget\" data-widget_type=\"heading.default\">\n\t\t\t\t<div class=\"elementor-widget-container\">\n\t\t\t\t\t<h3 class=\"elementor-heading-title elementor-size-default\">Activities<\/h3>\t\t\t\t<\/div>\n\t\t\t\t<\/div>\n\t\t\t\t<div class=\"elementor-element elementor-element-9a6e8c5 elementor-widget__width-initial elementor-widget elementor-widget-text-editor\" data-id=\"9a6e8c5\" data-element_type=\"widget\" data-e-type=\"widget\" data-widget_type=\"text-editor.default\">\n\t\t\t\t<div class=\"elementor-widget-container\">\n\t\t\t\t\t\t\t\t\t<p>Discover a wide range of activities, mainly linked to the proximity of the English Channel, when you visit Saint-Malo.<\/p>\t\t\t\t\t\t\t\t<\/div>\n\t\t\t\t<\/div>\n\t\t\t\t<\/div>\n\t\t\t\t<\/div>\n\t\t<div class=\"elementor-element elementor-element-c18a859 e-con-full e-flex e-con e-child\" data-id=\"c18a859\" data-element_type=\"container\" data-e-type=\"container\">\n\t\t\t\t<\/div>\n\t\t\t\t\t<\/div>\n\t\t\t\t<\/div>\n\t\t\t\t<\/div>","protected":false},"excerpt":{"rendered":"<p>Hotel \u00e0 Saint Malo en bord de mer Saint-Malo Cit\u00e9 fortifi\u00e9e de caract\u00e8re, Saint-Malo est \u00e9rig\u00e9e sur une presqu\u2019\u00eele et fait fi\u00e8rement face \u00e0 la mer de la Manche. C&rsquo;est d&rsquo;ailleurs \u00e0 Saint-Malo que les plus grandes mar\u00e9es d&rsquo;Europe ont lieu, un v\u00e9ritable spectacle pour les yeux. Une fois les portes de la vieille ville [&hellip;]<\/p>\n","protected":false},"author":11,"featured_media":0,"parent":0,"menu_order":0,"comment_status":"closed","ping_status":"closed","template":"","meta":{"inline_featured_image":false,"footnotes":""},"class_list":["post-203","page","type-page","status-publish","hentry"],"_links":{"self":[{"href":"https:\/\/www.hotel-les-charmettes.com\/en\/wp-json\/wp\/v2\/pages\/203","targetHints":{"allow":["GET"]}}],"collection":[{"href":"https:\/\/www.hotel-les-charmettes.com\/en\/wp-json\/wp\/v2\/pages"}],"about":[{"href":"https:\/\/www.hotel-les-charmettes.com\/en\/wp-json\/wp\/v2\/types\/page"}],"author":[{"embeddable":true,"href":"https:\/\/www.hotel-les-charmettes.com\/en\/wp-json\/wp\/v2\/users\/11"}],"replies":[{"embeddable":true,"href":"https:\/\/www.hotel-les-charmettes.com\/en\/wp-json\/wp\/v2\/comments?post=203"}],"version-history":[{"count":287,"href":"https:\/\/www.hotel-les-charmettes.com\/en\/wp-json\/wp\/v2\/pages\/203\/revisions"}],"predecessor-version":[{"id":5345,"href":"https:\/\/www.hotel-les-charmettes.com\/en\/wp-json\/wp\/v2\/pages\/203\/revisions\/5345"}],"wp:attachment":[{"href":"https:\/\/www.hotel-les-charmettes.com\/en\/wp-json\/wp\/v2\/media?parent=203"}],"curies":[{"name":"wp","href":"https:\/\/api.w.org\/{rel}","templated":true}]}}