{"id":3183,"date":"2023-08-22T15:02:16","date_gmt":"2023-08-22T13:02:16","guid":{"rendered":"https:\/\/www.hotel-les-charmettes.com\/?page_id=3183"},"modified":"2024-11-28T11:11:31","modified_gmt":"2024-11-28T10:11:31","slug":"foodtruck-le-charmant","status":"publish","type":"page","link":"https:\/\/www.hotel-les-charmettes.com\/en\/foodtruck-le-charmant\/","title":{"rendered":"Le Charmant food truck"},"content":{"rendered":"<div data-elementor-type=\"wp-page\" data-elementor-id=\"3183\" class=\"elementor elementor-3183\" data-elementor-post-type=\"page\">\n\t\t\t\t<div class=\"elementor-element elementor-element-8b42c51 e-con-full e-flex e-con e-parent\" data-id=\"8b42c51\" data-element_type=\"container\" data-e-type=\"container\" id=\"hero-section\" data-settings=\"{&quot;background_background&quot;:&quot;classic&quot;}\">\n\t\t\t\t<div class=\"elementor-element elementor-element-884eb1b elementor-widget__width-auto elementor-absolute e-transform elementor-view-default elementor-widget elementor-widget-icon\" data-id=\"884eb1b\" data-element_type=\"widget\" data-e-type=\"widget\" data-settings=\"{&quot;_position&quot;:&quot;absolute&quot;,&quot;_transform_rotateZ_effect&quot;:{&quot;unit&quot;:&quot;px&quot;,&quot;size&quot;:90,&quot;sizes&quot;:[]},&quot;_transform_rotateZ_effect_tablet&quot;:{&quot;unit&quot;:&quot;deg&quot;,&quot;size&quot;:&quot;&quot;,&quot;sizes&quot;:[]},&quot;_transform_rotateZ_effect_mobile&quot;:{&quot;unit&quot;:&quot;deg&quot;,&quot;size&quot;:&quot;&quot;,&quot;sizes&quot;:[]}}\" data-widget_type=\"icon.default\">\n\t\t\t\t<div class=\"elementor-widget-container\">\n\t\t\t\t\t\t\t<div class=\"elementor-icon-wrapper\">\n\t\t\t<a class=\"elementor-icon\" href=\"#first-content\">\n\t\t\t<i aria-hidden=\"true\" class=\"eliofont eliofont-arrow-right\"><\/i>\t\t\t<\/a>\n\t\t<\/div>\n\t\t\t\t\t\t<\/div>\n\t\t\t\t<\/div>\n\t\t\t\t<div class=\"elementor-element elementor-element-9f52249 elementor-widget elementor-widget-heading\" data-id=\"9f52249\" data-element_type=\"widget\" data-e-type=\"widget\" data-widget_type=\"heading.default\">\n\t\t\t\t<div class=\"elementor-widget-container\">\n\t\t\t\t\t<h1 class=\"elementor-heading-title elementor-size-default\">Food truck in Saint Malo<\/h1>\t\t\t\t<\/div>\n\t\t\t\t<\/div>\n\t\t\t\t<\/div>\n\t\t<div class=\"elementor-element elementor-element-19ccff6 e-flex e-con-boxed e-con e-parent\" data-id=\"19ccff6\" data-element_type=\"container\" data-e-type=\"container\" id=\"first-content\" data-settings=\"{&quot;background_background&quot;:&quot;classic&quot;}\">\n\t\t\t\t\t<div class=\"e-con-inner\">\n\t\t\t\t<div class=\"elementor-element elementor-element-f27e6da elementor-widget__width-initial elementor-widget elementor-widget-image\" data-id=\"f27e6da\" data-element_type=\"widget\" data-e-type=\"widget\" data-widget_type=\"image.default\">\n\t\t\t\t<div class=\"elementor-widget-container\">\n\t\t\t\t\t\t\t\t\t\t\t\t\t\t\t<img fetchpriority=\"high\" decoding=\"async\" width=\"300\" height=\"200\" src=\"https:\/\/www.hotel-les-charmettes.com\/wp-content\/uploads\/2022\/10\/transparent.png\" class=\"attachment-full size-full wp-image-338\" alt=\"\" srcset=\"https:\/\/www.hotel-les-charmettes.com\/wp-content\/uploads\/2022\/10\/transparent.png 300w, https:\/\/www.hotel-les-charmettes.com\/wp-content\/uploads\/2022\/10\/transparent-18x12.png 18w\" sizes=\"(max-width: 300px) 100vw, 300px\" title=\"\">\t\t\t\t\t\t\t\t\t\t\t\t\t\t\t<\/div>\n\t\t\t\t<\/div>\n\t\t<div class=\"elementor-element elementor-element-ed2e3c0 animated-slow e-con-full e-flex elementor-invisible e-con e-child\" data-id=\"ed2e3c0\" data-element_type=\"container\" data-e-type=\"container\" data-settings=\"{&quot;animation&quot;:&quot;fadeInLeft&quot;,&quot;animation_delay&quot;:500}\">\n\t\t\t\t<div class=\"elementor-element elementor-element-b73c215 elementor-widget elementor-widget-heading\" data-id=\"b73c215\" data-element_type=\"widget\" data-e-type=\"widget\" data-widget_type=\"heading.default\">\n\t\t\t\t<div class=\"elementor-widget-container\">\n\t\t\t\t\t<h2 class=\"elementor-heading-title elementor-size-default\">Our food truck Le Charmant<\/h2>\t\t\t\t<\/div>\n\t\t\t\t<\/div>\n\t\t\t\t<div class=\"elementor-element elementor-element-77708e5 elementor-widget elementor-widget-text-editor\" data-id=\"77708e5\" data-element_type=\"widget\" data-e-type=\"widget\" data-widget_type=\"text-editor.default\">\n\t\t\t\t<div class=\"elementor-widget-container\">\n\t\t\t\t\t\t\t\t\t<p>Le Charmant is a food truck that made its debut on London's Borough Market. Le Charmant is a genuine vintage estafette that adds a touch of chic, vintage and authenticity to your events in the Saint-Malo region.&nbsp;<\/p>\n<p><\/p>\n<p>We offer a range of sweet and savoury waffles and poke bowls to make your events unique and memorable. You'll amaze your guests with the Charmant for all your events: back-to-back weddings, events in the countryside, seminars, birthdays. It can be adapted to suit your every whim, and will give your event that vintage chic touch.<\/p>\t\t\t\t\t\t\t\t<\/div>\n\t\t\t\t<\/div>\n\t\t\t\t<div class=\"elementor-element elementor-element-e26c258 elementor-align-left elementor-widget elementor-widget-button\" data-id=\"e26c258\" data-element_type=\"widget\" data-e-type=\"widget\" data-widget_type=\"button.default\">\n\t\t\t\t<div class=\"elementor-widget-container\">\n\t\t\t\t\t\t\t\t\t<div class=\"elementor-button-wrapper\">\n\t\t\t\t\t<a class=\"elementor-button elementor-button-link elementor-size-sm\" href=\"https:\/\/www.hotel-les-charmettes.com\/en\/acces-contact\/\">\n\t\t\t\t\t\t<span class=\"elementor-button-content-wrapper\">\n\t\t\t\t\t\t\t\t\t<span class=\"elementor-button-text\">Request a quote<\/span>\n\t\t\t\t\t<\/span>\n\t\t\t\t\t<\/a>\n\t\t\t\t<\/div>\n\t\t\t\t\t\t\t\t<\/div>\n\t\t\t\t<\/div>\n\t\t\t\t<\/div>\n\t\t\t\t\t<\/div>\n\t\t\t\t<\/div>\n\t\t<div class=\"elementor-element elementor-element-fbabd5a e-flex e-con-boxed e-con e-parent\" data-id=\"fbabd5a\" data-element_type=\"container\" data-e-type=\"container\">\n\t\t\t\t\t<div class=\"e-con-inner\">\n\t\t\t\t<div class=\"elementor-element elementor-element-5300ede elementor-widget elementor-widget-video\" data-id=\"5300ede\" data-element_type=\"widget\" data-e-type=\"widget\" data-settings=\"{&quot;youtube_url&quot;:&quot;https:\\\/\\\/www.youtube.com\\\/watch?v=rcoJOVY16vg&quot;,&quot;video_type&quot;:&quot;youtube&quot;,&quot;controls&quot;:&quot;yes&quot;}\" data-widget_type=\"video.default\">\n\t\t\t\t<div class=\"elementor-widget-container\">\n\t\t\t\t\t\t\t<div class=\"elementor-wrapper elementor-open-inline\">\n\t\t\t<div class=\"elementor-video\"><\/div>\t\t<\/div>\n\t\t\t\t\t\t<\/div>\n\t\t\t\t<\/div>\n\t\t\t\t\t<\/div>\n\t\t\t\t<\/div>\n\t\t\t\t<\/div>","protected":false},"excerpt":{"rendered":"<p>Food truck \u00e0 Saint Malo Notre food truck Le Charmant Le Charmant est un food truck qui a fait ses d\u00e9buts sur le march\u00e9 de Borough Market \u00e0 Londres. V\u00e9ritable estafette d\u2019\u00e9poque conf\u00e9rant tout son charme au bien nomm\u00e9 \u00ab Le Charmant \u00bb, apporte une note chic, vintage et authentique \u00e0 vos \u00e9v\u00e9nements dans la [&hellip;]<\/p>\n","protected":false},"author":2,"featured_media":0,"parent":0,"menu_order":0,"comment_status":"closed","ping_status":"closed","template":"","meta":{"inline_featured_image":false,"footnotes":""},"class_list":["post-3183","page","type-page","status-publish","hentry"],"_links":{"self":[{"href":"https:\/\/www.hotel-les-charmettes.com\/en\/wp-json\/wp\/v2\/pages\/3183","targetHints":{"allow":["GET"]}}],"collection":[{"href":"https:\/\/www.hotel-les-charmettes.com\/en\/wp-json\/wp\/v2\/pages"}],"about":[{"href":"https:\/\/www.hotel-les-charmettes.com\/en\/wp-json\/wp\/v2\/types\/page"}],"author":[{"embeddable":true,"href":"https:\/\/www.hotel-les-charmettes.com\/en\/wp-json\/wp\/v2\/users\/2"}],"replies":[{"embeddable":true,"href":"https:\/\/www.hotel-les-charmettes.com\/en\/wp-json\/wp\/v2\/comments?post=3183"}],"version-history":[{"count":89,"href":"https:\/\/www.hotel-les-charmettes.com\/en\/wp-json\/wp\/v2\/pages\/3183\/revisions"}],"predecessor-version":[{"id":5560,"href":"https:\/\/www.hotel-les-charmettes.com\/en\/wp-json\/wp\/v2\/pages\/3183\/revisions\/5560"}],"wp:attachment":[{"href":"https:\/\/www.hotel-les-charmettes.com\/en\/wp-json\/wp\/v2\/media?parent=3183"}],"curies":[{"name":"wp","href":"https:\/\/api.w.org\/{rel}","templated":true}]}}