{"id":5355,"date":"2024-02-21T10:29:20","date_gmt":"2024-02-21T09:29:20","guid":{"rendered":"https:\/\/www.hotel-les-charmettes.com\/?page_id=5355"},"modified":"2024-03-05T09:49:26","modified_gmt":"2024-03-05T08:49:26","slug":"saint-malo-sea-view-hotel","status":"publish","type":"page","link":"https:\/\/www.hotel-les-charmettes.com\/en\/aux-alentours-de-l-hotel\/hotel-saint-malo-vue-sur-mer\/","title":{"rendered":"Hotel Saint-Malo sea view"},"content":{"rendered":"<div data-elementor-type=\"wp-page\" data-elementor-id=\"5355\" class=\"elementor elementor-5355\" data-elementor-post-type=\"page\">\n\t\t\t\t<div class=\"elementor-element elementor-element-7d40454 e-con-full e-flex e-con e-parent\" data-id=\"7d40454\" data-element_type=\"container\" data-e-type=\"container\" id=\"hero-section\" data-settings=\"{&quot;background_background&quot;:&quot;classic&quot;}\">\n\t\t\t\t<div class=\"elementor-element elementor-element-049e2d3 elementor-widget elementor-widget-heading\" data-id=\"049e2d3\" data-element_type=\"widget\" data-e-type=\"widget\" data-widget_type=\"heading.default\">\n\t\t\t\t<div class=\"elementor-widget-container\">\n\t\t\t\t\t<span class=\"elementor-heading-title elementor-size-default\">charm and a change of scenery at Les Charmettes<\/span>\t\t\t\t<\/div>\n\t\t\t\t<\/div>\n\t\t\t\t<div class=\"elementor-element elementor-element-28da46e elementor-widget__width-auto elementor-absolute e-transform elementor-view-default elementor-widget elementor-widget-icon\" data-id=\"28da46e\" data-element_type=\"widget\" data-e-type=\"widget\" data-settings=\"{&quot;_position&quot;:&quot;absolute&quot;,&quot;_transform_rotateZ_effect&quot;:{&quot;unit&quot;:&quot;px&quot;,&quot;size&quot;:90,&quot;sizes&quot;:[]},&quot;_transform_rotateZ_effect_tablet&quot;:{&quot;unit&quot;:&quot;deg&quot;,&quot;size&quot;:&quot;&quot;,&quot;sizes&quot;:[]},&quot;_transform_rotateZ_effect_mobile&quot;:{&quot;unit&quot;:&quot;deg&quot;,&quot;size&quot;:&quot;&quot;,&quot;sizes&quot;:[]}}\" data-widget_type=\"icon.default\">\n\t\t\t\t<div class=\"elementor-widget-container\">\n\t\t\t\t\t\t\t<div class=\"elementor-icon-wrapper\">\n\t\t\t<a class=\"elementor-icon\" href=\"#first-content\">\n\t\t\t<i aria-hidden=\"true\" class=\"eliofont eliofont-arrow-right\"><\/i>\t\t\t<\/a>\n\t\t<\/div>\n\t\t\t\t\t\t<\/div>\n\t\t\t\t<\/div>\n\t\t\t\t<\/div>\n\t\t<div class=\"elementor-element elementor-element-bf08a5a e-flex e-con-boxed e-con e-parent\" data-id=\"bf08a5a\" data-element_type=\"container\" data-e-type=\"container\" data-settings=\"{&quot;background_background&quot;:&quot;classic&quot;}\">\n\t\t\t\t\t<div class=\"e-con-inner\">\n\t\t\t\t<div class=\"elementor-element elementor-element-653a67b elementor-widget elementor-widget-text-editor\" data-id=\"653a67b\" data-element_type=\"widget\" data-e-type=\"widget\" data-widget_type=\"text-editor.default\">\n\t\t\t\t<div class=\"elementor-widget-container\">\n\t\t\t\t\t\t\t\t\t<p><strong>Pack your bags and head for the north of Brittany for a rejuvenating stay by the sea. The ideal destination is Les Charmettes: a charming 3-star hotel in Saint-Malo with sea views, glistening on the waves of the English Channel. In the comfort of this family-run home, enjoy your holiday in a friendly and hospitable atmosphere.<\/strong><\/p><div id=\"kurato_extension_modal\">\u00a0<\/div><div id=\"kurato_extension_modal\">\u00a0<\/div>\t\t\t\t\t\t\t\t<\/div>\n\t\t\t\t<\/div>\n\t\t\t\t\t<\/div>\n\t\t\t\t<\/div>\n\t\t<div class=\"elementor-element elementor-element-18b5a01 e-flex e-con-boxed e-con e-parent\" data-id=\"18b5a01\" data-element_type=\"container\" data-e-type=\"container\" data-settings=\"{&quot;background_background&quot;:&quot;classic&quot;}\">\n\t\t\t\t\t<div class=\"e-con-inner\">\n\t\t\t\t<div class=\"elementor-element elementor-element-fa37bf3 elementor-widget__width-initial elementor-widget elementor-widget-image\" data-id=\"fa37bf3\" data-element_type=\"widget\" data-e-type=\"widget\" data-widget_type=\"image.default\">\n\t\t\t\t<div class=\"elementor-widget-container\">\n\t\t\t\t\t\t\t\t\t\t\t\t\t\t\t<img fetchpriority=\"high\" decoding=\"async\" width=\"300\" height=\"200\" src=\"https:\/\/www.hotel-les-charmettes.com\/wp-content\/uploads\/2022\/10\/transparent.png\" class=\"attachment-full size-full wp-image-338\" alt=\"\" srcset=\"https:\/\/www.hotel-les-charmettes.com\/wp-content\/uploads\/2022\/10\/transparent.png 300w, https:\/\/www.hotel-les-charmettes.com\/wp-content\/uploads\/2022\/10\/transparent-18x12.png 18w\" sizes=\"(max-width: 300px) 100vw, 300px\" title=\"\">\t\t\t\t\t\t\t\t\t\t\t\t\t\t\t<\/div>\n\t\t\t\t<\/div>\n\t\t<div class=\"elementor-element elementor-element-030d71c animated-slow e-con-full e-flex elementor-invisible e-con e-child\" data-id=\"030d71c\" data-element_type=\"container\" data-e-type=\"container\" data-settings=\"{&quot;animation&quot;:&quot;fadeInRight&quot;,&quot;animation_delay&quot;:500}\">\n\t\t\t\t<div class=\"elementor-element elementor-element-806004f elementor-widget elementor-widget-heading\" data-id=\"806004f\" data-element_type=\"widget\" data-e-type=\"widget\" data-widget_type=\"heading.default\">\n\t\t\t\t<div class=\"elementor-widget-container\">\n\t\t\t\t\t<h2 class=\"elementor-heading-title elementor-size-default\">Les Charmettes: hotel in Saint-Malo with sea views\n<\/h2>\t\t\t\t<\/div>\n\t\t\t\t<\/div>\n\t\t\t\t<div class=\"elementor-element elementor-element-fca4b4f elementor-widget elementor-widget-text-editor\" data-id=\"fca4b4f\" data-element_type=\"widget\" data-e-type=\"widget\" data-widget_type=\"text-editor.default\">\n\t\t\t\t<div class=\"elementor-widget-container\">\n\t\t\t\t\t\t\t\t\t<p><strong>Les Charmettes hotel consists of two listed 19th-century villas, proudly standing facing the English Channel just a few minutes' walk from the town's historic centre. In the spirit of a family home, the establishment opens its doors to travellers to offer them moments of rest and relaxation by the sea. The azure horizon can be seen from the terrace and upstairs. Visit <a href=\"https:\/\/www.hotel-les-charmettes.com\/en\/rooms\/\">double or triple room<\/a>When you arrive at your destination, choose the cocoon that will welcome you for a stay inspired by the calm of nature. Admire the soothing ballet of the sea as it approaches at high tide, only to slowly recede a few hours later. It's an unchanging spectacle that you can enjoy from sunrise to sunset, from the balcony of your hotel room in Saint-Malo with a sea view. The marine atmosphere is tastefully distilled in each room, with touches of blue and sand and the murmur of the waves. Paintings by local artists adorn the walls, while the cosy furnishings grace the rooms with elegance. To immerse yourself in the beauty of the <a href=\"https:\/\/www.hotel-les-charmettes.com\/en\/in-the-vicinity-of-the-hotel\/\">Brittany coast<\/a>To get there, simply take the seafront promenade, which runs alongside the infinite blue sea. You'll then reach the centre of the fortress town to admire the monuments and traces of its rich port activity.<\/strong><\/p><div id=\"kurato_extension_modal\">\u00a0<\/div><div id=\"kurato_extension_modal\">\u00a0<\/div><div id=\"kurato_extension_modal\">\u00a0<\/div>\t\t\t\t\t\t\t\t<\/div>\n\t\t\t\t<\/div>\n\t\t\t\t<\/div>\n\t\t\t\t\t<\/div>\n\t\t\t\t<\/div>\n\t\t<div class=\"elementor-element elementor-element-63397a5 e-flex e-con-boxed e-con e-parent\" data-id=\"63397a5\" data-element_type=\"container\" data-e-type=\"container\" data-settings=\"{&quot;background_background&quot;:&quot;classic&quot;}\">\n\t\t\t\t\t<div class=\"e-con-inner\">\n\t\t<div class=\"elementor-element elementor-element-af04466 animated-slow e-con-full e-flex elementor-invisible e-con e-child\" data-id=\"af04466\" data-element_type=\"container\" data-e-type=\"container\" data-settings=\"{&quot;animation&quot;:&quot;fadeInLeft&quot;,&quot;animation_delay&quot;:500}\">\n\t\t\t\t<div class=\"elementor-element elementor-element-9f2654a elementor-widget elementor-widget-heading\" data-id=\"9f2654a\" data-element_type=\"widget\" data-e-type=\"widget\" data-widget_type=\"heading.default\">\n\t\t\t\t<div class=\"elementor-widget-container\">\n\t\t\t\t\t<h2 class=\"elementor-heading-title elementor-size-default\">Meals with your feet in the sand in Saint-Malo at the Hotel Les Charmettes<\/h2>\t\t\t\t<\/div>\n\t\t\t\t<\/div>\n\t\t\t\t<div class=\"elementor-element elementor-element-0298ca6 elementor-widget elementor-widget-text-editor\" data-id=\"0298ca6\" data-element_type=\"widget\" data-e-type=\"widget\" data-widget_type=\"text-editor.default\">\n\t\t\t\t<div class=\"elementor-widget-container\">\n\t\t\t\t\t\t\t\t\t<p><strong>Les Charmettes, a hotel in Saint-Malo with sea views, has established a delightful habit: days begin and end with a view of the English Channel. The invigorating sea spray and the power of nature re-energise guests from the balcony of their room to the terrace of the <a href=\"https:\/\/www.hotel-les-charmettes.com\/en\/bar-restaurant\/\">restaurant<\/a>. Like its host peninsula, this establishment looks to the natural elements. Here, meals are served with your feet in the sand in summer, just like in a holiday home with its summer kitchen. Lunches and dinners become scenes from life in paradise, in this exceptional setting. From Breton specialities to recipes inspired by our many travels, the escape doesn't stop at the destination. Enjoy cr\u00eapes or far breton, freshly caught seafood and many other delicacies prepared on site. This creative and generous cuisine awakens the senses in an atmosphere of sharing.\u00a0<\/strong><\/p><p><strong>On the bar side, the terrace of our hotel in Saint-Malo with a sea view takes on the air of a beach hut in the summer months. Glasses are raised in celebration of the beauty of the landscape at sunset. Cocktails, local and international wines and other refreshments are served to end the day on a convivial note. Simple pleasures and great delights await you at Les Charmettes for your holiday with family, friends or just the two of you on the Emerald Coast.<\/strong><\/p><div id=\"kurato_extension_modal\">\u00a0<\/div>\t\t\t\t\t\t\t\t<\/div>\n\t\t\t\t<\/div>\n\t\t\t\t<\/div>\n\t\t<div class=\"elementor-element elementor-element-bcc2404 e-con-full e-flex e-con e-child\" data-id=\"bcc2404\" data-element_type=\"container\" data-e-type=\"container\" data-settings=\"{&quot;background_background&quot;:&quot;classic&quot;}\">\n\t\t\t\t<div class=\"elementor-element elementor-element-f2b5c49 elementor-widget__width-initial elementor-widget elementor-widget-image\" data-id=\"f2b5c49\" data-element_type=\"widget\" data-e-type=\"widget\" data-widget_type=\"image.default\">\n\t\t\t\t<div class=\"elementor-widget-container\">\n\t\t\t\t\t\t\t\t\t\t\t\t\t\t\t<img decoding=\"async\" width=\"2560\" height=\"1707\" src=\"https:\/\/www.hotel-les-charmettes.com\/wp-content\/uploads\/2023\/10\/25092023-517A9670-scaled.jpg\" class=\"attachment-full size-full wp-image-3792\" alt=\"\" srcset=\"https:\/\/www.hotel-les-charmettes.com\/wp-content\/uploads\/2023\/10\/25092023-517A9670-scaled.jpg 2560w, https:\/\/www.hotel-les-charmettes.com\/wp-content\/uploads\/2023\/10\/25092023-517A9670-300x200.jpg 300w, https:\/\/www.hotel-les-charmettes.com\/wp-content\/uploads\/2023\/10\/25092023-517A9670-1024x683.jpg 1024w, https:\/\/www.hotel-les-charmettes.com\/wp-content\/uploads\/2023\/10\/25092023-517A9670-768x512.jpg 768w, https:\/\/www.hotel-les-charmettes.com\/wp-content\/uploads\/2023\/10\/25092023-517A9670-1536x1024.jpg 1536w, https:\/\/www.hotel-les-charmettes.com\/wp-content\/uploads\/2023\/10\/25092023-517A9670-2048x1365.jpg 2048w, https:\/\/www.hotel-les-charmettes.com\/wp-content\/uploads\/2023\/10\/25092023-517A9670-18x12.jpg 18w\" sizes=\"(max-width: 2560px) 100vw, 2560px\" title=\"\">\t\t\t\t\t\t\t\t\t\t\t\t\t\t\t<\/div>\n\t\t\t\t<\/div>\n\t\t<div class=\"elementor-element elementor-element-938a2db elementor-hidden-mobile e-con-full e-flex e-con e-child\" data-id=\"938a2db\" data-element_type=\"container\" data-e-type=\"container\">\n\t\t\t\t<div class=\"elementor-element elementor-element-beaee5b elementor-widget elementor-widget-image\" data-id=\"beaee5b\" data-element_type=\"widget\" data-e-type=\"widget\" data-widget_type=\"image.default\">\n\t\t\t\t<div class=\"elementor-widget-container\">\n\t\t\t\t\t\t\t\t\t\t\t\t\t\t\t<img decoding=\"async\" width=\"1707\" height=\"2560\" src=\"https:\/\/www.hotel-les-charmettes.com\/wp-content\/uploads\/2023\/10\/25092023-517A9564-Avec-accentuation-Bruit-scaled.jpg\" class=\"attachment-full size-full wp-image-3788\" alt=\"\" srcset=\"https:\/\/www.hotel-les-charmettes.com\/wp-content\/uploads\/2023\/10\/25092023-517A9564-Avec-accentuation-Bruit-scaled.jpg 1707w, https:\/\/www.hotel-les-charmettes.com\/wp-content\/uploads\/2023\/10\/25092023-517A9564-Avec-accentuation-Bruit-200x300.jpg 200w, https:\/\/www.hotel-les-charmettes.com\/wp-content\/uploads\/2023\/10\/25092023-517A9564-Avec-accentuation-Bruit-683x1024.jpg 683w, https:\/\/www.hotel-les-charmettes.com\/wp-content\/uploads\/2023\/10\/25092023-517A9564-Avec-accentuation-Bruit-768x1152.jpg 768w, https:\/\/www.hotel-les-charmettes.com\/wp-content\/uploads\/2023\/10\/25092023-517A9564-Avec-accentuation-Bruit-1024x1536.jpg 1024w, https:\/\/www.hotel-les-charmettes.com\/wp-content\/uploads\/2023\/10\/25092023-517A9564-Avec-accentuation-Bruit-1365x2048.jpg 1365w, https:\/\/www.hotel-les-charmettes.com\/wp-content\/uploads\/2023\/10\/25092023-517A9564-Avec-accentuation-Bruit-8x12.jpg 8w\" sizes=\"(max-width: 1707px) 100vw, 1707px\" title=\"\">\t\t\t\t\t\t\t\t\t\t\t\t\t\t\t<\/div>\n\t\t\t\t<\/div>\n\t\t\t\t<div class=\"elementor-element elementor-element-293cde0 elementor-widget elementor-widget-image\" data-id=\"293cde0\" data-element_type=\"widget\" data-e-type=\"widget\" data-widget_type=\"image.default\">\n\t\t\t\t<div class=\"elementor-widget-container\">\n\t\t\t\t\t\t\t\t\t\t\t\t\t\t\t<img loading=\"lazy\" decoding=\"async\" width=\"2560\" height=\"1707\" src=\"https:\/\/www.hotel-les-charmettes.com\/wp-content\/uploads\/2023\/10\/balcon-vue-mer-scaled.jpg\" class=\"attachment-full size-full wp-image-3655\" alt=\"cocktails and olives on terrace with sea view - hotel les charmettes\" srcset=\"https:\/\/www.hotel-les-charmettes.com\/wp-content\/uploads\/2023\/10\/balcon-vue-mer-scaled.jpg 2560w, https:\/\/www.hotel-les-charmettes.com\/wp-content\/uploads\/2023\/10\/balcon-vue-mer-300x200.jpg 300w, https:\/\/www.hotel-les-charmettes.com\/wp-content\/uploads\/2023\/10\/balcon-vue-mer-1024x683.jpg 1024w, https:\/\/www.hotel-les-charmettes.com\/wp-content\/uploads\/2023\/10\/balcon-vue-mer-768x512.jpg 768w, https:\/\/www.hotel-les-charmettes.com\/wp-content\/uploads\/2023\/10\/balcon-vue-mer-1536x1024.jpg 1536w, https:\/\/www.hotel-les-charmettes.com\/wp-content\/uploads\/2023\/10\/balcon-vue-mer-2048x1365.jpg 2048w, https:\/\/www.hotel-les-charmettes.com\/wp-content\/uploads\/2023\/10\/balcon-vue-mer-18x12.jpg 18w\" sizes=\"(max-width: 2560px) 100vw, 2560px\" title=\"\">\t\t\t\t\t\t\t\t\t\t\t\t\t\t\t<\/div>\n\t\t\t\t<\/div>\n\t\t\t\t<\/div>\n\t\t\t\t<\/div>\n\t\t\t\t\t<\/div>\n\t\t\t\t<\/div>\n\t\t<div class=\"elementor-element elementor-element-f2f51e9 e-flex e-con-boxed e-con e-parent\" data-id=\"f2f51e9\" data-element_type=\"container\" data-e-type=\"container\">\n\t\t\t\t\t<div class=\"e-con-inner\">\n\t\t\t\t<div class=\"elementor-element elementor-element-7f80abd elementor-widget__width-auto elementor-widget elementor-widget-button\" data-id=\"7f80abd\" data-element_type=\"widget\" data-e-type=\"widget\" data-widget_type=\"button.default\">\n\t\t\t\t<div class=\"elementor-widget-container\">\n\t\t\t\t\t\t\t\t\t<div class=\"elementor-button-wrapper\">\n\t\t\t\t\t<a class=\"elementor-button elementor-button-link elementor-size-xs\" href=\"https:\/\/www.hotel-les-charmettes.com\/en\/aux-alentours-de-l-hotel\/\">\n\t\t\t\t\t\t<span class=\"elementor-button-content-wrapper\">\n\t\t\t\t\t\t<span class=\"elementor-button-icon\">\n\t\t\t\t<i aria-hidden=\"true\" class=\"eliofont eliofont-arrow-left\"><\/i>\t\t\t<\/span>\n\t\t\t\t\t\t\t\t\t<span class=\"elementor-button-text\">In the vicinity of the hotel<\/span>\n\t\t\t\t\t<\/span>\n\t\t\t\t\t<\/a>\n\t\t\t\t<\/div>\n\t\t\t\t\t\t\t\t<\/div>\n\t\t\t\t<\/div>\n\t\t\t\t<div class=\"elementor-element elementor-element-95d2f56 elementor-widget__width-auto elementor-widget elementor-widget-button\" data-id=\"95d2f56\" data-element_type=\"widget\" data-e-type=\"widget\" data-widget_type=\"button.default\">\n\t\t\t\t<div class=\"elementor-widget-container\">\n\t\t\t\t\t\t\t\t\t<div class=\"elementor-button-wrapper\">\n\t\t\t\t\t<a class=\"elementor-button elementor-button-link elementor-size-xs\" href=\"https:\/\/www.hotel-les-charmettes.com\/en\/aux-alentours-de-l-hotel\/saint-malo-et-ses-alentours\/\">\n\t\t\t\t\t\t<span class=\"elementor-button-content-wrapper\">\n\t\t\t\t\t\t<span class=\"elementor-button-icon\">\n\t\t\t\t<i aria-hidden=\"true\" class=\"eliofont eliofont-arrow-right\"><\/i>\t\t\t<\/span>\n\t\t\t\t\t\t\t\t\t<span class=\"elementor-button-text\">Saint-Malo<\/span>\n\t\t\t\t\t<\/span>\n\t\t\t\t\t<\/a>\n\t\t\t\t<\/div>\n\t\t\t\t\t\t\t\t<\/div>\n\t\t\t\t<\/div>\n\t\t\t\t\t<\/div>\n\t\t\t\t<\/div>\n\t\t\t\t<\/div>","protected":false},"excerpt":{"rendered":"<p>charme et d\u00e9paysement aux Charmettes Pr\u00e9parez vos valises et mettez le cap sur le nord de la Bretagne pour un s\u00e9jour ressour\u00e7ant au bord de l\u2019eau. La destination id\u00e9ale s\u2019appelle Les Charmettes\u00a0: un charmant h\u00f4tel \u00e0 Saint-Malo avec vue sur mer, dont les 3\u00a0\u00e9toiles scintillent sur les flots de la Manche. Dans le confort de [&hellip;]<\/p>\n","protected":false},"author":7,"featured_media":0,"parent":203,"menu_order":0,"comment_status":"closed","ping_status":"closed","template":"","meta":{"inline_featured_image":false,"footnotes":""},"class_list":["post-5355","page","type-page","status-publish","hentry"],"_links":{"self":[{"href":"https:\/\/www.hotel-les-charmettes.com\/en\/wp-json\/wp\/v2\/pages\/5355","targetHints":{"allow":["GET"]}}],"collection":[{"href":"https:\/\/www.hotel-les-charmettes.com\/en\/wp-json\/wp\/v2\/pages"}],"about":[{"href":"https:\/\/www.hotel-les-charmettes.com\/en\/wp-json\/wp\/v2\/types\/page"}],"author":[{"embeddable":true,"href":"https:\/\/www.hotel-les-charmettes.com\/en\/wp-json\/wp\/v2\/users\/7"}],"replies":[{"embeddable":true,"href":"https:\/\/www.hotel-les-charmettes.com\/en\/wp-json\/wp\/v2\/comments?post=5355"}],"version-history":[{"count":12,"href":"https:\/\/www.hotel-les-charmettes.com\/en\/wp-json\/wp\/v2\/pages\/5355\/revisions"}],"predecessor-version":[{"id":5373,"href":"https:\/\/www.hotel-les-charmettes.com\/en\/wp-json\/wp\/v2\/pages\/5355\/revisions\/5373"}],"up":[{"embeddable":true,"href":"https:\/\/www.hotel-les-charmettes.com\/en\/wp-json\/wp\/v2\/pages\/203"}],"wp:attachment":[{"href":"https:\/\/www.hotel-les-charmettes.com\/en\/wp-json\/wp\/v2\/media?parent=5355"}],"curies":[{"name":"wp","href":"https:\/\/api.w.org\/{rel}","templated":true}]}}