{"id":5376,"date":"2024-03-05T09:58:29","date_gmt":"2024-03-05T08:58:29","guid":{"rendered":"https:\/\/www.hotel-les-charmettes.com\/?page_id=5376"},"modified":"2024-04-24T08:57:28","modified_gmt":"2024-04-24T06:57:28","slug":"saint-malo-sea-view-hotel-2","status":"publish","type":"page","link":"https:\/\/www.hotel-les-charmettes.com\/en\/aux-alentours-de-l-hotel\/hotel-a-saint-malo-vue-sur-mer\/","title":{"rendered":"Hotel Saint Malo sea view"},"content":{"rendered":"<div data-elementor-type=\"wp-page\" data-elementor-id=\"5376\" class=\"elementor elementor-5376\" data-elementor-post-type=\"page\">\n\t\t\t\t<div class=\"elementor-element elementor-element-7d40454 e-con-full e-flex e-con e-parent\" data-id=\"7d40454\" data-element_type=\"container\" data-e-type=\"container\" id=\"hero-section\" data-settings=\"{&quot;background_background&quot;:&quot;classic&quot;}\">\n\t\t\t\t<div class=\"elementor-element elementor-element-28da46e elementor-widget__width-auto elementor-absolute e-transform elementor-view-default elementor-widget elementor-widget-icon\" data-id=\"28da46e\" data-element_type=\"widget\" data-e-type=\"widget\" data-settings=\"{&quot;_position&quot;:&quot;absolute&quot;,&quot;_transform_rotateZ_effect&quot;:{&quot;unit&quot;:&quot;px&quot;,&quot;size&quot;:90,&quot;sizes&quot;:[]},&quot;_transform_rotateZ_effect_tablet&quot;:{&quot;unit&quot;:&quot;deg&quot;,&quot;size&quot;:&quot;&quot;,&quot;sizes&quot;:[]},&quot;_transform_rotateZ_effect_mobile&quot;:{&quot;unit&quot;:&quot;deg&quot;,&quot;size&quot;:&quot;&quot;,&quot;sizes&quot;:[]}}\" data-widget_type=\"icon.default\">\n\t\t\t\t<div class=\"elementor-widget-container\">\n\t\t\t\t\t\t\t<div class=\"elementor-icon-wrapper\">\n\t\t\t<a class=\"elementor-icon\" href=\"#first-content\">\n\t\t\t<i aria-hidden=\"true\" class=\"eliofont eliofont-arrow-right\"><\/i>\t\t\t<\/a>\n\t\t<\/div>\n\t\t\t\t\t\t<\/div>\n\t\t\t\t<\/div>\n\t\t\t\t<\/div>\n\t\t<div class=\"elementor-element elementor-element-bf08a5a e-flex e-con-boxed e-con e-parent\" data-id=\"bf08a5a\" data-element_type=\"container\" data-e-type=\"container\" data-settings=\"{&quot;background_background&quot;:&quot;classic&quot;}\">\n\t\t\t\t\t<div class=\"e-con-inner\">\n\t\t\t\t<div class=\"elementor-element elementor-element-653a67b elementor-widget elementor-widget-text-editor\" data-id=\"653a67b\" data-element_type=\"widget\" data-e-type=\"widget\" data-widget_type=\"text-editor.default\">\n\t\t\t\t<div class=\"elementor-widget-container\">\n\t\t\t\t\t\t\t\t\t<p><strong>Make your stay on the Emerald Coast a reason to repeat the Breton experience as soon as possible. Our hotel in Saint Malo with a sea view sets the tone: the waves into which you can plunge your gaze without being able to look away. A break at Les Charmettes invites you to unwind to the rhythm of nature and discover a Corsican jewel with a thousand facets.<\/strong><\/p>\t\t\t\t\t\t\t\t<\/div>\n\t\t\t\t<\/div>\n\t\t\t\t\t<\/div>\n\t\t\t\t<\/div>\n\t\t<div class=\"elementor-element elementor-element-18b5a01 e-flex e-con-boxed e-con e-parent\" data-id=\"18b5a01\" data-element_type=\"container\" data-e-type=\"container\" data-settings=\"{&quot;background_background&quot;:&quot;classic&quot;}\">\n\t\t\t\t\t<div class=\"e-con-inner\">\n\t\t\t\t<div class=\"elementor-element elementor-element-fa37bf3 elementor-widget__width-initial elementor-widget elementor-widget-image\" data-id=\"fa37bf3\" data-element_type=\"widget\" data-e-type=\"widget\" data-widget_type=\"image.default\">\n\t\t\t\t<div class=\"elementor-widget-container\">\n\t\t\t\t\t\t\t\t\t\t\t\t\t\t\t<img fetchpriority=\"high\" decoding=\"async\" width=\"300\" height=\"200\" src=\"https:\/\/www.hotel-les-charmettes.com\/wp-content\/uploads\/2022\/10\/transparent.png\" class=\"attachment-full size-full wp-image-338\" alt=\"\" srcset=\"https:\/\/www.hotel-les-charmettes.com\/wp-content\/uploads\/2022\/10\/transparent.png 300w, https:\/\/www.hotel-les-charmettes.com\/wp-content\/uploads\/2022\/10\/transparent-18x12.png 18w\" sizes=\"(max-width: 300px) 100vw, 300px\" title=\"\">\t\t\t\t\t\t\t\t\t\t\t\t\t\t\t<\/div>\n\t\t\t\t<\/div>\n\t\t<div class=\"elementor-element elementor-element-030d71c animated-slow e-con-full e-flex elementor-invisible e-con e-child\" data-id=\"030d71c\" data-element_type=\"container\" data-e-type=\"container\" data-settings=\"{&quot;animation&quot;:&quot;fadeInRight&quot;,&quot;animation_delay&quot;:500}\">\n\t\t\t\t<div class=\"elementor-element elementor-element-806004f elementor-widget elementor-widget-heading\" data-id=\"806004f\" data-element_type=\"widget\" data-e-type=\"widget\" data-widget_type=\"heading.default\">\n\t\t\t\t<div class=\"elementor-widget-container\">\n\t\t\t\t\t<h2 class=\"elementor-heading-title elementor-size-default\">A cosy stay at Les Charmettes, a hotel in Saint Malo with sea views\n<\/h2>\t\t\t\t<\/div>\n\t\t\t\t<\/div>\n\t\t\t\t<div class=\"elementor-element elementor-element-fca4b4f elementor-widget elementor-widget-text-editor\" data-id=\"fca4b4f\" data-element_type=\"widget\" data-e-type=\"widget\" data-widget_type=\"text-editor.default\">\n\t\t\t\t<div class=\"elementor-widget-container\">\n\t\t\t\t\t\t\t\t\t<p>The Hotel Les Charmettes invites you to take a break from everyday life for a weekend or during your holiday in Saint-Malo. As you gaze in wonder, the English Channel paints an unchanging picture, whose colours and tone change with the passing hours and seasons. Set down your suitcases in this exceptional setting and enjoy the spectacle from morning to night, like a daydream. The rooms express their charm through a unique decor for each one, with maritime touches, cosy furniture and works by local artists. On the top floor of our Saint Malo hotel with sea view, the mansard roof adds a touch of character to the rooms. <a href=\"https:\/\/www.hotel-les-charmettes.com\/en\/rooms\/\">accommodation<\/a> that look like a cosy perched nest, some facing the horizon. The comfortable bedding promises nights lulled by the murmur of the waves and a gentle awakening. Have your dreams taken you from privateer battles to conquests off the coast? The song of the seagulls brings you peacefully back to terra firma, reminding you that there are many places in the world where you and your family can live together. <a href=\"https:\/\/www.hotel-les-charmettes.com\/en\/in-the-vicinity-of-the-hotel\/saint-malo-and-the-surrounding-area\/\">Breton discoveries<\/a> are waiting for you. Breathe in the sea air from your terrace, then head to the restaurant for a tasty breakfast featuring fresh local produce.<\/p>\t\t\t\t\t\t\t\t<\/div>\n\t\t\t\t<\/div>\n\t\t\t\t<\/div>\n\t\t\t\t\t<\/div>\n\t\t\t\t<\/div>\n\t\t<div class=\"elementor-element elementor-element-63397a5 e-flex e-con-boxed e-con e-parent\" data-id=\"63397a5\" data-element_type=\"container\" data-e-type=\"container\" data-settings=\"{&quot;background_background&quot;:&quot;classic&quot;}\">\n\t\t\t\t\t<div class=\"e-con-inner\">\n\t\t<div class=\"elementor-element elementor-element-af04466 animated-slow e-con-full e-flex elementor-invisible e-con e-child\" data-id=\"af04466\" data-element_type=\"container\" data-e-type=\"container\" data-settings=\"{&quot;animation&quot;:&quot;fadeInLeft&quot;,&quot;animation_delay&quot;:500}\">\n\t\t\t\t<div class=\"elementor-element elementor-element-9f2654a elementor-widget elementor-widget-heading\" data-id=\"9f2654a\" data-element_type=\"widget\" data-e-type=\"widget\" data-widget_type=\"heading.default\">\n\t\t\t\t<div class=\"elementor-widget-container\">\n\t\t\t\t\t<h2 class=\"elementor-heading-title elementor-size-default\">Les Charmettes, a hotel restaurant with its feet in the sand in Saint Malo\n<\/h2>\t\t\t\t<\/div>\n\t\t\t\t<\/div>\n\t\t\t\t<div class=\"elementor-element elementor-element-0298ca6 elementor-widget elementor-widget-text-editor\" data-id=\"0298ca6\" data-element_type=\"widget\" data-e-type=\"widget\" data-widget_type=\"text-editor.default\">\n\t\t\t\t<div class=\"elementor-widget-container\">\n\t\t\t\t\t\t\t\t\t<p><strong>Les Charmettes isn't just a hotel in Saint Malo with a sea view! It's also a <a href=\"https:\/\/www.hotel-les-charmettes.com\/en\/bar-restaurant\/\">a generous and welcoming table<\/a>This is a restaurant where the love of Brittany and its fine produce is passed on with passion. From the plate to the service, the team puts its heart into its work to ensure that gourmets have a delicious time in a guinguette atmosphere. You can enjoy Breton specialities with your feet in the water on the Sillon beach, as well as dishes inspired by world cuisine. The chef lets his creativity run wild as he imagines the epic sea voyages on which sailors once embarked to conquer faraway lands. As the day draws to a close, the light fades and the atmosphere loses none of its conviviality. You can enjoy the sunset over a drink with family or friends against a backdrop of exceptional natural beauty.<\/strong><\/p>\t\t\t\t\t\t\t\t<\/div>\n\t\t\t\t<\/div>\n\t\t\t\t<\/div>\n\t\t<div class=\"elementor-element elementor-element-bcc2404 e-con-full e-flex e-con e-child\" data-id=\"bcc2404\" data-element_type=\"container\" data-e-type=\"container\" data-settings=\"{&quot;background_background&quot;:&quot;classic&quot;}\">\n\t\t\t\t<div class=\"elementor-element elementor-element-f2b5c49 elementor-widget__width-initial elementor-widget elementor-widget-image\" data-id=\"f2b5c49\" data-element_type=\"widget\" data-e-type=\"widget\" data-widget_type=\"image.default\">\n\t\t\t\t<div class=\"elementor-widget-container\">\n\t\t\t\t\t\t\t\t\t\t\t\t\t\t\t<img decoding=\"async\" width=\"2560\" height=\"1707\" src=\"https:\/\/www.hotel-les-charmettes.com\/wp-content\/uploads\/2023\/10\/26092023-517A0015-Avec-accentuation-Bruit-scaled.jpg\" class=\"attachment-full size-full wp-image-4315\" alt=\"\" srcset=\"https:\/\/www.hotel-les-charmettes.com\/wp-content\/uploads\/2023\/10\/26092023-517A0015-Avec-accentuation-Bruit-scaled.jpg 2560w, https:\/\/www.hotel-les-charmettes.com\/wp-content\/uploads\/2023\/10\/26092023-517A0015-Avec-accentuation-Bruit-300x200.jpg 300w, https:\/\/www.hotel-les-charmettes.com\/wp-content\/uploads\/2023\/10\/26092023-517A0015-Avec-accentuation-Bruit-1024x683.jpg 1024w, https:\/\/www.hotel-les-charmettes.com\/wp-content\/uploads\/2023\/10\/26092023-517A0015-Avec-accentuation-Bruit-768x512.jpg 768w, https:\/\/www.hotel-les-charmettes.com\/wp-content\/uploads\/2023\/10\/26092023-517A0015-Avec-accentuation-Bruit-1536x1024.jpg 1536w, https:\/\/www.hotel-les-charmettes.com\/wp-content\/uploads\/2023\/10\/26092023-517A0015-Avec-accentuation-Bruit-2048x1365.jpg 2048w, https:\/\/www.hotel-les-charmettes.com\/wp-content\/uploads\/2023\/10\/26092023-517A0015-Avec-accentuation-Bruit-18x12.jpg 18w\" sizes=\"(max-width: 2560px) 100vw, 2560px\" title=\"\">\t\t\t\t\t\t\t\t\t\t\t\t\t\t\t<\/div>\n\t\t\t\t<\/div>\n\t\t<div class=\"elementor-element elementor-element-938a2db elementor-hidden-mobile e-con-full e-flex e-con e-child\" data-id=\"938a2db\" data-element_type=\"container\" data-e-type=\"container\">\n\t\t\t\t<div class=\"elementor-element elementor-element-beaee5b elementor-widget elementor-widget-image\" data-id=\"beaee5b\" data-element_type=\"widget\" data-e-type=\"widget\" data-widget_type=\"image.default\">\n\t\t\t\t<div class=\"elementor-widget-container\">\n\t\t\t\t\t\t\t\t\t\t\t\t\t\t\t<img decoding=\"async\" width=\"2560\" height=\"1706\" src=\"https:\/\/www.hotel-les-charmettes.com\/wp-content\/uploads\/2023\/10\/25092023-517A9639-scaled.jpg\" class=\"attachment-full size-full wp-image-3790\" alt=\"\" srcset=\"https:\/\/www.hotel-les-charmettes.com\/wp-content\/uploads\/2023\/10\/25092023-517A9639-scaled.jpg 2560w, https:\/\/www.hotel-les-charmettes.com\/wp-content\/uploads\/2023\/10\/25092023-517A9639-300x200.jpg 300w, https:\/\/www.hotel-les-charmettes.com\/wp-content\/uploads\/2023\/10\/25092023-517A9639-1024x683.jpg 1024w, https:\/\/www.hotel-les-charmettes.com\/wp-content\/uploads\/2023\/10\/25092023-517A9639-768x512.jpg 768w, https:\/\/www.hotel-les-charmettes.com\/wp-content\/uploads\/2023\/10\/25092023-517A9639-1536x1024.jpg 1536w, https:\/\/www.hotel-les-charmettes.com\/wp-content\/uploads\/2023\/10\/25092023-517A9639-2048x1365.jpg 2048w, https:\/\/www.hotel-les-charmettes.com\/wp-content\/uploads\/2023\/10\/25092023-517A9639-18x12.jpg 18w\" sizes=\"(max-width: 2560px) 100vw, 2560px\" title=\"\">\t\t\t\t\t\t\t\t\t\t\t\t\t\t\t<\/div>\n\t\t\t\t<\/div>\n\t\t\t\t<div class=\"elementor-element elementor-element-293cde0 elementor-widget elementor-widget-image\" data-id=\"293cde0\" data-element_type=\"widget\" data-e-type=\"widget\" data-widget_type=\"image.default\">\n\t\t\t\t<div class=\"elementor-widget-container\">\n\t\t\t\t\t\t\t\t\t\t\t\t\t\t\t<img loading=\"lazy\" decoding=\"async\" width=\"2560\" height=\"1707\" src=\"https:\/\/www.hotel-les-charmettes.com\/wp-content\/uploads\/2023\/10\/25092023-517A9573-scaled.jpg\" class=\"attachment-full size-full wp-image-3626\" alt=\"\" srcset=\"https:\/\/www.hotel-les-charmettes.com\/wp-content\/uploads\/2023\/10\/25092023-517A9573-scaled.jpg 2560w, https:\/\/www.hotel-les-charmettes.com\/wp-content\/uploads\/2023\/10\/25092023-517A9573-300x200.jpg 300w, https:\/\/www.hotel-les-charmettes.com\/wp-content\/uploads\/2023\/10\/25092023-517A9573-1024x683.jpg 1024w, https:\/\/www.hotel-les-charmettes.com\/wp-content\/uploads\/2023\/10\/25092023-517A9573-768x512.jpg 768w, https:\/\/www.hotel-les-charmettes.com\/wp-content\/uploads\/2023\/10\/25092023-517A9573-1536x1024.jpg 1536w, https:\/\/www.hotel-les-charmettes.com\/wp-content\/uploads\/2023\/10\/25092023-517A9573-2048x1365.jpg 2048w, https:\/\/www.hotel-les-charmettes.com\/wp-content\/uploads\/2023\/10\/25092023-517A9573-18x12.jpg 18w\" sizes=\"(max-width: 2560px) 100vw, 2560px\" title=\"\">\t\t\t\t\t\t\t\t\t\t\t\t\t\t\t<\/div>\n\t\t\t\t<\/div>\n\t\t\t\t<\/div>\n\t\t\t\t<\/div>\n\t\t\t\t\t<\/div>\n\t\t\t\t<\/div>\n\t\t<div class=\"elementor-element elementor-element-2210ade e-flex e-con-boxed e-con e-parent\" data-id=\"2210ade\" data-element_type=\"container\" data-e-type=\"container\" data-settings=\"{&quot;background_background&quot;:&quot;classic&quot;}\">\n\t\t\t\t\t<div class=\"e-con-inner\">\n\t\t\t\t<div class=\"elementor-element elementor-element-e1f7f3c elementor-widget__width-initial elementor-widget elementor-widget-image\" data-id=\"e1f7f3c\" data-element_type=\"widget\" data-e-type=\"widget\" data-widget_type=\"image.default\">\n\t\t\t\t<div class=\"elementor-widget-container\">\n\t\t\t\t\t\t\t\t\t\t\t\t\t\t\t<img fetchpriority=\"high\" decoding=\"async\" width=\"300\" height=\"200\" src=\"https:\/\/www.hotel-les-charmettes.com\/wp-content\/uploads\/2022\/10\/transparent.png\" class=\"attachment-full size-full wp-image-338\" alt=\"\" srcset=\"https:\/\/www.hotel-les-charmettes.com\/wp-content\/uploads\/2022\/10\/transparent.png 300w, https:\/\/www.hotel-les-charmettes.com\/wp-content\/uploads\/2022\/10\/transparent-18x12.png 18w\" sizes=\"(max-width: 300px) 100vw, 300px\" title=\"\">\t\t\t\t\t\t\t\t\t\t\t\t\t\t\t<\/div>\n\t\t\t\t<\/div>\n\t\t<div class=\"elementor-element elementor-element-160fa7a animated-slow e-con-full e-flex elementor-invisible e-con e-child\" data-id=\"160fa7a\" data-element_type=\"container\" data-e-type=\"container\" data-settings=\"{&quot;animation&quot;:&quot;fadeInRight&quot;,&quot;animation_delay&quot;:500}\">\n\t\t\t\t<div class=\"elementor-element elementor-element-725f0b0 elementor-widget elementor-widget-heading\" data-id=\"725f0b0\" data-element_type=\"widget\" data-e-type=\"widget\" data-widget_type=\"heading.default\">\n\t\t\t\t<div class=\"elementor-widget-container\">\n\t\t\t\t\t<h2 class=\"elementor-heading-title elementor-size-default\">A maritime escapade between beaches and ramparts in Saint-Malo<\/h2>\t\t\t\t<\/div>\n\t\t\t\t<\/div>\n\t\t\t\t<div class=\"elementor-element elementor-element-7bcb663 elementor-widget elementor-widget-text-editor\" data-id=\"7bcb663\" data-element_type=\"widget\" data-e-type=\"widget\" data-widget_type=\"text-editor.default\">\n\t\t\t\t<div class=\"elementor-widget-container\">\n\t\t\t\t\t\t\t\t\t<p><strong>A stay at our hotel in Saint Malo with sea views is an invitation to discover the <a href=\"https:\/\/www.hotel-les-charmettes.com\/en\/in-the-vicinity-of-the-hotel\/activities\/\">rich natural and cultural heritage<\/a> of the city of Saint Malo. Against a backdrop of privateer legends, the town reveals its mysteries to curious explorers. The historic town centre and its many monuments are just a 25-minute walk from the coastal promenade. This is a great opportunity to admire the granite ramparts in the distance, and to linger over a fishing session on the rocks at low tide. Set sail from the port and discover the bastions that surround Saint-Malo: thrills and exceptional views guaranteed!<\/strong><\/p>\t\t\t\t\t\t\t\t<\/div>\n\t\t\t\t<\/div>\n\t\t\t\t<\/div>\n\t\t\t\t\t<\/div>\n\t\t\t\t<\/div>\n\t\t<div class=\"elementor-element elementor-element-f2f51e9 e-flex e-con-boxed e-con e-parent\" data-id=\"f2f51e9\" data-element_type=\"container\" data-e-type=\"container\">\n\t\t\t\t\t<div class=\"e-con-inner\">\n\t\t\t\t<div class=\"elementor-element elementor-element-7f80abd elementor-widget__width-auto elementor-widget elementor-widget-button\" data-id=\"7f80abd\" data-element_type=\"widget\" data-e-type=\"widget\" data-widget_type=\"button.default\">\n\t\t\t\t<div class=\"elementor-widget-container\">\n\t\t\t\t\t\t\t\t\t<div class=\"elementor-button-wrapper\">\n\t\t\t\t\t<a class=\"elementor-button elementor-button-link elementor-size-xs\" href=\"https:\/\/www.hotel-les-charmettes.com\/en\/aux-alentours-de-l-hotel\/\">\n\t\t\t\t\t\t<span class=\"elementor-button-content-wrapper\">\n\t\t\t\t\t\t<span class=\"elementor-button-icon\">\n\t\t\t\t<i aria-hidden=\"true\" class=\"eliofont eliofont-arrow-left\"><\/i>\t\t\t<\/span>\n\t\t\t\t\t\t\t\t\t<span class=\"elementor-button-text\">In the vicinity of the hotel<\/span>\n\t\t\t\t\t<\/span>\n\t\t\t\t\t<\/a>\n\t\t\t\t<\/div>\n\t\t\t\t\t\t\t\t<\/div>\n\t\t\t\t<\/div>\n\t\t\t\t<div class=\"elementor-element elementor-element-95d2f56 elementor-widget__width-auto elementor-widget elementor-widget-button\" data-id=\"95d2f56\" data-element_type=\"widget\" data-e-type=\"widget\" data-widget_type=\"button.default\">\n\t\t\t\t<div class=\"elementor-widget-container\">\n\t\t\t\t\t\t\t\t\t<div class=\"elementor-button-wrapper\">\n\t\t\t\t\t<a class=\"elementor-button elementor-button-link elementor-size-xs\" href=\"https:\/\/www.hotel-les-charmettes.com\/en\/aux-alentours-de-l-hotel\/saint-malo-et-ses-alentours\/\">\n\t\t\t\t\t\t<span class=\"elementor-button-content-wrapper\">\n\t\t\t\t\t\t<span class=\"elementor-button-icon\">\n\t\t\t\t<i aria-hidden=\"true\" class=\"eliofont eliofont-arrow-right\"><\/i>\t\t\t<\/span>\n\t\t\t\t\t\t\t\t\t<span class=\"elementor-button-text\">Saint-Malo<\/span>\n\t\t\t\t\t<\/span>\n\t\t\t\t\t<\/a>\n\t\t\t\t<\/div>\n\t\t\t\t\t\t\t\t<\/div>\n\t\t\t\t<\/div>\n\t\t\t\t\t<\/div>\n\t\t\t\t<\/div>\n\t\t\t\t<\/div>","protected":false},"excerpt":{"rendered":"<p>Faites de votre s\u00e9jour sur la c\u00f4te d\u2019\u00c9meraude une raison de renouveler l\u2019exp\u00e9rience bretonne d\u00e8s que possible. Notre h\u00f4tel \u00e0 Saint Malo avec vue sur mer annonce la couleur\u00a0: celle des flots dans lesquels on plonge le regard sans pouvoir le d\u00e9tourner. Une escapade aux Charmettes vous invite \u00e0 la d\u00e9connexion au rythme de la [&hellip;]<\/p>\n","protected":false},"author":7,"featured_media":0,"parent":203,"menu_order":0,"comment_status":"closed","ping_status":"closed","template":"","meta":{"inline_featured_image":false,"footnotes":""},"class_list":["post-5376","page","type-page","status-publish","hentry"],"_links":{"self":[{"href":"https:\/\/www.hotel-les-charmettes.com\/en\/wp-json\/wp\/v2\/pages\/5376","targetHints":{"allow":["GET"]}}],"collection":[{"href":"https:\/\/www.hotel-les-charmettes.com\/en\/wp-json\/wp\/v2\/pages"}],"about":[{"href":"https:\/\/www.hotel-les-charmettes.com\/en\/wp-json\/wp\/v2\/types\/page"}],"author":[{"embeddable":true,"href":"https:\/\/www.hotel-les-charmettes.com\/en\/wp-json\/wp\/v2\/users\/7"}],"replies":[{"embeddable":true,"href":"https:\/\/www.hotel-les-charmettes.com\/en\/wp-json\/wp\/v2\/comments?post=5376"}],"version-history":[{"count":13,"href":"https:\/\/www.hotel-les-charmettes.com\/en\/wp-json\/wp\/v2\/pages\/5376\/revisions"}],"predecessor-version":[{"id":5438,"href":"https:\/\/www.hotel-les-charmettes.com\/en\/wp-json\/wp\/v2\/pages\/5376\/revisions\/5438"}],"up":[{"embeddable":true,"href":"https:\/\/www.hotel-les-charmettes.com\/en\/wp-json\/wp\/v2\/pages\/203"}],"wp:attachment":[{"href":"https:\/\/www.hotel-les-charmettes.com\/en\/wp-json\/wp\/v2\/media?parent=5376"}],"curies":[{"name":"wp","href":"https:\/\/api.w.org\/{rel}","templated":true}]}}