{"id":5523,"date":"2024-07-16T10:59:42","date_gmt":"2024-07-16T08:59:42","guid":{"rendered":"https:\/\/www.hotel-les-charmettes.com\/?page_id=5523"},"modified":"2024-07-16T11:06:08","modified_gmt":"2024-07-16T09:06:08","slug":"hotel-restaurant-saint-malo-view-on-sea-3","status":"publish","type":"page","link":"https:\/\/www.hotel-les-charmettes.com\/en\/aux-alentours-de-l-hotel\/hotel-saint-malo-bord-de-mer\/","title":{"rendered":"Saint-Malo hotel with sea view: an unforgettable stay at Les Charmettes"},"content":{"rendered":"<div data-elementor-type=\"wp-page\" data-elementor-id=\"5523\" class=\"elementor elementor-5523\" data-elementor-post-type=\"page\">\n\t\t\t\t<div class=\"elementor-element elementor-element-7d40454 e-con-full e-flex e-con e-parent\" data-id=\"7d40454\" data-element_type=\"container\" data-e-type=\"container\" id=\"hero-section\" data-settings=\"{&quot;background_background&quot;:&quot;classic&quot;}\">\n\t\t\t\t<div class=\"elementor-element elementor-element-28da46e elementor-widget__width-auto elementor-absolute e-transform elementor-view-default elementor-widget elementor-widget-icon\" data-id=\"28da46e\" data-element_type=\"widget\" data-e-type=\"widget\" data-settings=\"{&quot;_position&quot;:&quot;absolute&quot;,&quot;_transform_rotateZ_effect&quot;:{&quot;unit&quot;:&quot;px&quot;,&quot;size&quot;:90,&quot;sizes&quot;:[]},&quot;_transform_rotateZ_effect_tablet&quot;:{&quot;unit&quot;:&quot;deg&quot;,&quot;size&quot;:&quot;&quot;,&quot;sizes&quot;:[]},&quot;_transform_rotateZ_effect_mobile&quot;:{&quot;unit&quot;:&quot;deg&quot;,&quot;size&quot;:&quot;&quot;,&quot;sizes&quot;:[]}}\" data-widget_type=\"icon.default\">\n\t\t\t\t<div class=\"elementor-widget-container\">\n\t\t\t\t\t\t\t<div class=\"elementor-icon-wrapper\">\n\t\t\t<a class=\"elementor-icon\" href=\"#first-content\">\n\t\t\t<i aria-hidden=\"true\" class=\"eliofont eliofont-arrow-right\"><\/i>\t\t\t<\/a>\n\t\t<\/div>\n\t\t\t\t\t\t<\/div>\n\t\t\t\t<\/div>\n\t\t\t\t<\/div>\n\t\t<div class=\"elementor-element elementor-element-bf08a5a e-flex e-con-boxed e-con e-parent\" data-id=\"bf08a5a\" data-element_type=\"container\" data-e-type=\"container\" data-settings=\"{&quot;background_background&quot;:&quot;classic&quot;}\">\n\t\t\t\t\t<div class=\"e-con-inner\">\n\t\t\t\t<div class=\"elementor-element elementor-element-653a67b elementor-widget elementor-widget-text-editor\" data-id=\"653a67b\" data-element_type=\"widget\" data-e-type=\"widget\" data-widget_type=\"text-editor.default\">\n\t\t\t\t<div class=\"elementor-widget-container\">\n\t\t\t\t\t\t\t\t\t<p data-pm-slice=\"1 1 []\">Are you looking for the perfect place to spend your holidays in Brittany? Choose a hotel in Saint-Malo with a sea view and discover Les Charmettes, a destination that combines charm, comfort and breathtaking views of the English Channel. This three-star hotel facing the sea offers you a unique and rejuvenating experience, ideal for a stay of relaxation and discovery.<\/p>\t\t\t\t\t\t\t\t<\/div>\n\t\t\t\t<\/div>\n\t\t\t\t\t<\/div>\n\t\t\t\t<\/div>\n\t\t<div class=\"elementor-element elementor-element-18b5a01 e-flex e-con-boxed e-con e-parent\" data-id=\"18b5a01\" data-element_type=\"container\" data-e-type=\"container\" data-settings=\"{&quot;background_background&quot;:&quot;classic&quot;}\">\n\t\t\t\t\t<div class=\"e-con-inner\">\n\t\t\t\t<div class=\"elementor-element elementor-element-fa37bf3 elementor-widget__width-initial elementor-widget elementor-widget-image\" data-id=\"fa37bf3\" data-element_type=\"widget\" data-e-type=\"widget\" data-widget_type=\"image.default\">\n\t\t\t\t<div class=\"elementor-widget-container\">\n\t\t\t\t\t\t\t\t\t\t\t\t\t\t\t<img fetchpriority=\"high\" decoding=\"async\" width=\"300\" height=\"200\" src=\"https:\/\/www.hotel-les-charmettes.com\/wp-content\/uploads\/2022\/10\/transparent.png\" class=\"attachment-full size-full wp-image-338\" alt=\"\" srcset=\"https:\/\/www.hotel-les-charmettes.com\/wp-content\/uploads\/2022\/10\/transparent.png 300w, https:\/\/www.hotel-les-charmettes.com\/wp-content\/uploads\/2022\/10\/transparent-18x12.png 18w\" sizes=\"(max-width: 300px) 100vw, 300px\" title=\"\">\t\t\t\t\t\t\t\t\t\t\t\t\t\t\t<\/div>\n\t\t\t\t<\/div>\n\t\t<div class=\"elementor-element elementor-element-030d71c animated-slow e-con-full e-flex elementor-invisible e-con e-child\" data-id=\"030d71c\" data-element_type=\"container\" data-e-type=\"container\" data-settings=\"{&quot;animation&quot;:&quot;fadeInRight&quot;,&quot;animation_delay&quot;:500}\">\n\t\t\t\t<div class=\"elementor-element elementor-element-806004f elementor-widget elementor-widget-heading\" data-id=\"806004f\" data-element_type=\"widget\" data-e-type=\"widget\" data-widget_type=\"heading.default\">\n\t\t\t\t<div class=\"elementor-widget-container\">\n\t\t\t\t\t<h2 class=\"elementor-heading-title elementor-size-default\">Les Charmettes: a hotel in Saint-Malo with a sea view<\/h2>\t\t\t\t<\/div>\n\t\t\t\t<\/div>\n\t\t\t\t<div class=\"elementor-element elementor-element-fca4b4f elementor-widget elementor-widget-text-editor\" data-id=\"fca4b4f\" data-element_type=\"widget\" data-e-type=\"widget\" data-widget_type=\"text-editor.default\">\n\t\t\t\t<div class=\"elementor-widget-container\">\n\t\t\t\t\t\t\t\t\t<p data-pm-slice=\"1 1 []\"><a href=\"https:\/\/www.hotel-les-charmettes.com\/en\/in-the-vicinity-of-the-hotel\/saint-malo-sea-view-hotel\/\">Les Charmettes hotel<\/a> is made up of two magnificently preserved, listed 19th-century villas located just a few minutes' walk from the historic centre of Saint-Malo. Each room, whether double or triple, opens onto a breathtaking view of the sea, allowing guests to admire the ballet of the tides from their balcony. The decoration of the rooms is inspired by the marine world with touches of blue and sand, creating a peaceful and relaxing atmosphere. Les Charmettes is distinguished by its family atmosphere, where friendliness and hospitality are the key words. From the hotel's terrace, the azure horizon of the English Channel stretches as far as the eye can see, revealing a natural spectacle of great beauty. Visitors can enjoy the tranquillity and comfort of the hotel, lulled by the murmur of the waves and the song of the seagulls.<\/p><p data-pm-slice=\"1 1 []\">\u00a0<\/p><p>One of the major assets of the Les Charmettes hotel is its <a href=\"https:\/\/www.hotel-les-charmettes.com\/en\/bar-restaurant\/\">his restaurant<\/a>In the summer months, you can enjoy meals with your feet in the sand. Whether for lunch or dinner, the exceptional setting overlooking the sea makes every meal a memorable experience. The cuisine, inspired by Breton specialities and flavours from around the world, delights the taste buds of gourmets with creative and tasty dishes. Freshly caught seafood and other local delicacies are on the menu, prepared with care and passion. The terrace bar at Les Charmettes looks like a beach hut during the summer months. Guests can enjoy cocktails, wines and other refreshments while watching the sunset. It's the perfect place to end the day in a relaxed atmosphere with family and friends.<\/p>\t\t\t\t\t\t\t\t<\/div>\n\t\t\t\t<\/div>\n\t\t\t\t<\/div>\n\t\t\t\t\t<\/div>\n\t\t\t\t<\/div>\n\t\t<div class=\"elementor-element elementor-element-403fef7 e-flex e-con-boxed e-con e-parent\" data-id=\"403fef7\" data-element_type=\"container\" data-e-type=\"container\" data-settings=\"{&quot;background_background&quot;:&quot;classic&quot;}\">\n\t\t\t\t\t<div class=\"e-con-inner\">\n\t\t\t\t<div class=\"elementor-element elementor-element-9f2654a elementor-widget elementor-widget-heading\" data-id=\"9f2654a\" data-element_type=\"widget\" data-e-type=\"widget\" data-widget_type=\"heading.default\">\n\t\t\t\t<div class=\"elementor-widget-container\">\n\t\t\t\t\t<h2 class=\"elementor-heading-title elementor-size-default\">Discovering Saint-Malo and the surrounding area<\/h2>\t\t\t\t<\/div>\n\t\t\t\t<\/div>\n\t\t\t\t<div class=\"elementor-element elementor-element-8b9833d elementor-widget elementor-widget-image\" data-id=\"8b9833d\" data-element_type=\"widget\" data-e-type=\"widget\" data-widget_type=\"image.default\">\n\t\t\t\t<div class=\"elementor-widget-container\">\n\t\t\t\t\t\t\t\t\t\t\t\t\t\t\t<img decoding=\"async\" width=\"768\" height=\"517\" src=\"https:\/\/www.hotel-les-charmettes.com\/wp-content\/uploads\/2024\/07\/GettyImages-1847719954-768x517.jpg\" class=\"attachment-medium_large size-medium_large wp-image-5526\" alt=\"\" srcset=\"https:\/\/www.hotel-les-charmettes.com\/wp-content\/uploads\/2024\/07\/GettyImages-1847719954-768x517.jpg 768w, https:\/\/www.hotel-les-charmettes.com\/wp-content\/uploads\/2024\/07\/GettyImages-1847719954-300x202.jpg 300w, https:\/\/www.hotel-les-charmettes.com\/wp-content\/uploads\/2024\/07\/GettyImages-1847719954-1024x690.jpg 1024w, https:\/\/www.hotel-les-charmettes.com\/wp-content\/uploads\/2024\/07\/GettyImages-1847719954-1536x1034.jpg 1536w, https:\/\/www.hotel-les-charmettes.com\/wp-content\/uploads\/2024\/07\/GettyImages-1847719954-2048x1379.jpg 2048w, https:\/\/www.hotel-les-charmettes.com\/wp-content\/uploads\/2024\/07\/GettyImages-1847719954-18x12.jpg 18w\" sizes=\"(max-width: 768px) 100vw, 768px\" title=\"\">\t\t\t\t\t\t\t\t\t\t\t\t\t\t\t<\/div>\n\t\t\t\t<\/div>\n\t\t\t\t<div class=\"elementor-element elementor-element-0298ca6 elementor-widget elementor-widget-text-editor\" data-id=\"0298ca6\" data-element_type=\"widget\" data-e-type=\"widget\" data-widget_type=\"text-editor.default\">\n\t\t\t\t<div class=\"elementor-widget-container\">\n\t\t\t\t\t\t\t\t\t<p data-pm-slice=\"1 1 []\">Staying at Les Charmettes means choosing a hotel in Saint-Malo with a sea view, as well as the opportunity to <a href=\"https:\/\/www.hotel-les-charmettes.com\/en\/in-the-vicinity-of-the-hotel\/saint-malo-and-the-surrounding-area\/\">discover the city and its many treasures<\/a>. The seafront promenade takes just 25 minutes to reach the historic centre, with magnificent views of the granite ramparts along the way. Visitors can explore the cobbled streets of the corsair city, visit iconic monuments such as Saint-Vincent Cathedral and enjoy the bustle of the local markets. Saint-Malo is a dynamic destination, offering a wide range of activities. <a href=\"https:\/\/www.hotel-les-charmettes.com\/en\/in-the-vicinity-of-the-hotel\/activities\/\">a host of water sports and cultural activities<\/a>. Water sports enthusiasts can try their hand at surfing, windsurfing and sailing. Culture lovers, meanwhile, will appreciate the music festivals and local events that enliven the town throughout the year. The famous start of the Route du Rhum transatlantic sailing race is a key event, attracting visitors from all over the world.<\/p><p data-pm-slice=\"1 1 []\">\u00a0<\/p><p>Les Charmettes is steeped in the rich and fascinating history of Saint-Malo, a former privateer city. The hotel itself is a former 19th-century town house, now a listed building. The building offers a glimpse into the city's glorious past, while providing the modern comforts and charm of an artist's home.<\/p><p>\u00a0<\/p><p>Choose <a href=\"https:\/\/www.hotel-les-charmettes.com\/en\/in-the-vicinity-of-the-hotel\/hotel-restaurant-saint-malo-view-on-sea-2\/\">Les Charmettes<\/a> for your holiday means opting for a hotel in Saint-Malo with a sea view where every detail has been thought of for your well-being and pleasure. Between the beauty of the landscape, the quality of the services and the richness of the local history, your stay at Les Charmettes will be unforgettable. Whether you're looking for rest, adventure or cultural discovery, this hotel is the perfect place to enjoy an authentic and rejuvenating Breton experience.<\/p>\t\t\t\t\t\t\t\t<\/div>\n\t\t\t\t<\/div>\n\t\t\t\t\t<\/div>\n\t\t\t\t<\/div>\n\t\t<div class=\"elementor-element elementor-element-f2f51e9 e-flex e-con-boxed e-con e-parent\" data-id=\"f2f51e9\" data-element_type=\"container\" data-e-type=\"container\">\n\t\t\t\t\t<div class=\"e-con-inner\">\n\t\t\t\t<div class=\"elementor-element elementor-element-7f80abd elementor-widget__width-auto elementor-widget elementor-widget-button\" data-id=\"7f80abd\" data-element_type=\"widget\" data-e-type=\"widget\" data-widget_type=\"button.default\">\n\t\t\t\t<div class=\"elementor-widget-container\">\n\t\t\t\t\t\t\t\t\t<div class=\"elementor-button-wrapper\">\n\t\t\t\t\t<a class=\"elementor-button elementor-button-link elementor-size-xs\" href=\"https:\/\/www.hotel-les-charmettes.com\/en\/aux-alentours-de-l-hotel\/\">\n\t\t\t\t\t\t<span class=\"elementor-button-content-wrapper\">\n\t\t\t\t\t\t<span class=\"elementor-button-icon\">\n\t\t\t\t<i aria-hidden=\"true\" class=\"eliofont eliofont-arrow-left\"><\/i>\t\t\t<\/span>\n\t\t\t\t\t\t\t\t\t<span class=\"elementor-button-text\">In the vicinity of the hotel<\/span>\n\t\t\t\t\t<\/span>\n\t\t\t\t\t<\/a>\n\t\t\t\t<\/div>\n\t\t\t\t\t\t\t\t<\/div>\n\t\t\t\t<\/div>\n\t\t\t\t<div class=\"elementor-element elementor-element-95d2f56 elementor-widget__width-auto elementor-widget elementor-widget-button\" data-id=\"95d2f56\" data-element_type=\"widget\" data-e-type=\"widget\" data-widget_type=\"button.default\">\n\t\t\t\t<div class=\"elementor-widget-container\">\n\t\t\t\t\t\t\t\t\t<div class=\"elementor-button-wrapper\">\n\t\t\t\t\t<a class=\"elementor-button elementor-button-link elementor-size-xs\" href=\"https:\/\/www.hotel-les-charmettes.com\/en\/aux-alentours-de-l-hotel\/saint-malo-et-ses-alentours\/\">\n\t\t\t\t\t\t<span class=\"elementor-button-content-wrapper\">\n\t\t\t\t\t\t<span class=\"elementor-button-icon\">\n\t\t\t\t<i aria-hidden=\"true\" class=\"eliofont eliofont-arrow-right\"><\/i>\t\t\t<\/span>\n\t\t\t\t\t\t\t\t\t<span class=\"elementor-button-text\">Saint-Malo<\/span>\n\t\t\t\t\t<\/span>\n\t\t\t\t\t<\/a>\n\t\t\t\t<\/div>\n\t\t\t\t\t\t\t\t<\/div>\n\t\t\t\t<\/div>\n\t\t\t\t\t<\/div>\n\t\t\t\t<\/div>\n\t\t\t\t<\/div>","protected":false},"excerpt":{"rendered":"<p>Vous cherchez un endroit id\u00e9al pour vos vacances en Bretagne ? Optez pour un h\u00f4tel \u00e0 Saint-Malo avec vue mer et d\u00e9couvrez Les Charmettes, une destination qui marie charme, confort et panoramas \u00e9poustouflants sur la Manche. Cet h\u00f4tel trois \u00e9toiles, situ\u00e9 face \u00e0 la mer, vous offre une exp\u00e9rience unique et ressour\u00e7ante, id\u00e9ale pour un [&hellip;]<\/p>\n","protected":false},"author":7,"featured_media":0,"parent":203,"menu_order":0,"comment_status":"closed","ping_status":"closed","template":"","meta":{"inline_featured_image":false,"footnotes":""},"class_list":["post-5523","page","type-page","status-publish","hentry"],"_links":{"self":[{"href":"https:\/\/www.hotel-les-charmettes.com\/en\/wp-json\/wp\/v2\/pages\/5523","targetHints":{"allow":["GET"]}}],"collection":[{"href":"https:\/\/www.hotel-les-charmettes.com\/en\/wp-json\/wp\/v2\/pages"}],"about":[{"href":"https:\/\/www.hotel-les-charmettes.com\/en\/wp-json\/wp\/v2\/types\/page"}],"author":[{"embeddable":true,"href":"https:\/\/www.hotel-les-charmettes.com\/en\/wp-json\/wp\/v2\/users\/7"}],"replies":[{"embeddable":true,"href":"https:\/\/www.hotel-les-charmettes.com\/en\/wp-json\/wp\/v2\/comments?post=5523"}],"version-history":[{"count":11,"href":"https:\/\/www.hotel-les-charmettes.com\/en\/wp-json\/wp\/v2\/pages\/5523\/revisions"}],"predecessor-version":[{"id":5536,"href":"https:\/\/www.hotel-les-charmettes.com\/en\/wp-json\/wp\/v2\/pages\/5523\/revisions\/5536"}],"up":[{"embeddable":true,"href":"https:\/\/www.hotel-les-charmettes.com\/en\/wp-json\/wp\/v2\/pages\/203"}],"wp:attachment":[{"href":"https:\/\/www.hotel-les-charmettes.com\/en\/wp-json\/wp\/v2\/media?parent=5523"}],"curies":[{"name":"wp","href":"https:\/\/api.w.org\/{rel}","templated":true}]}}